{"id":294,"date":"2021-12-01T14:06:49","date_gmt":"2021-12-01T13:06:49","guid":{"rendered":"https:\/\/www.uniavukovar.com\/zusammenarbeit\/internationale-zusammenarbeit\/"},"modified":"2021-12-06T11:45:47","modified_gmt":"2021-12-06T10:45:47","slug":"internationale-zusammenarbeit","status":"publish","type":"page","link":"https:\/\/www.uniavukovar.com\/de\/zusammenarbeit\/internationale-zusammenarbeit\/","title":{"rendered":"Internationale Zusammenarbeit"},"content":{"rendered":"<p>[vc_row woodmart_css_id=&#8220;61a73fcf1b3e7&#8243; responsive_spacing=&#8220;eyJwYXJhbV90eXBlIjoid29vZG1hcnRfcmVzcG9uc2l2ZV9zcGFjaW5nIiwic2VsZWN0b3JfaWQiOiI2MWE3M2ZjZjFiM2U3Iiwic2hvcnRjb2RlIjoidmNfcm93IiwiZGF0YSI6eyJ0YWJsZXQiOnt9LCJtb2JpbGUiOnt9fX0=&#8220; mobile_bg_img_hidden=&#8220;no&#8220; tablet_bg_img_hidden=&#8220;no&#8220; woodmart_parallax=&#8220;0&#8243; woodmart_gradient_switch=&#8220;no&#8220; woodmart_box_shadow=&#8220;no&#8220; wd_z_index=&#8220;no&#8220; woodmart_disable_overflow=&#8220;0&#8243; row_reverse_mobile=&#8220;0&#8243; row_reverse_tablet=&#8220;0&#8243;][vc_column][vc_row_inner][vc_column_inner][vc_column_text woodmart_inline=&#8220;no&#8220; text_larger=&#8220;no&#8220;]<\/p>\n<p style=\"text-align: center; font-size: 18px;\">Es wird eine internationale Zusammenarbeit mit \u00e4hnlichen Verb\u00e4nden aufgebaut, die Angeh\u00f6rige der deutschen oder \u00f6sterreichischen Minderheit zusammenbringen in: Deutschland, \u00d6sterreich, Belgien, Rum\u00e4nien, Ungarn, Serbien, der Russischen F\u00f6deration, Brasilien, den Vereinigten Staaten und Kanada.<\/p>\n<p>[\/vc_column_text][\/vc_column_inner][\/vc_row_inner][\/vc_column][\/vc_row][vc_row woodmart_css_id=&#8220;61a4aab52c517&#8243; responsive_spacing=&#8220;eyJwYXJhbV90eXBlIjoid29vZG1hcnRfcmVzcG9uc2l2ZV9zcGFjaW5nIiwic2VsZWN0b3JfaWQiOiI2MWE0YWFiNTJjNTE3Iiwic2hvcnRjb2RlIjoidmNfcm93IiwiZGF0YSI6eyJ0YWJsZXQiOnt9LCJtb2JpbGUiOnt9fX0=&#8220; mobile_bg_img_hidden=&#8220;no&#8220; tablet_bg_img_hidden=&#8220;no&#8220; woodmart_parallax=&#8220;0&#8243; woodmart_gradient_switch=&#8220;no&#8220; woodmart_box_shadow=&#8220;no&#8220; wd_z_index=&#8220;no&#8220; woodmart_disable_overflow=&#8220;0&#8243; row_reverse_mobile=&#8220;0&#8243; row_reverse_tablet=&#8220;0&#8243;][vc_column width=&#8220;1\/2&#8243; woodmart_css_id=&#8220;61a4aae2af5fd&#8220; parallax_scroll=&#8220;no&#8220; woodmart_sticky_column=&#8220;false&#8220; wd_collapsible_content_switcher=&#8220;no&#8220; mobile_bg_img_hidden=&#8220;no&#8220; tablet_bg_img_hidden=&#8220;no&#8220; woodmart_parallax=&#8220;0&#8243; woodmart_box_shadow=&#8220;no&#8220; mobile_reset_margin=&#8220;no&#8220; tablet_reset_margin=&#8220;no&#8220; wd_z_index=&#8220;no&#8220; responsive_spacing=&#8220;eyJwYXJhbV90eXBlIjoid29vZG1hcnRfcmVzcG9uc2l2ZV9zcGFjaW5nIiwic2VsZWN0b3JfaWQiOiI2MWE0YWFlMmFmNWZkIiwic2hvcnRjb2RlIjoidmNfY29sdW1uIiwiZGF0YSI6eyJ0YWJsZXQiOnt9LCJtb2JpbGUiOnt9fX0=&#8220;][vc_raw_html]PGEgaHJlZj0iaHR0cHM6Ly93d3cudW5pYXZ1a292YXIuY29tL2RlL3p1c2FtbWVuYXJiZWl0L2ludGVybmF0aW9uYWxlLXp1c2FtbWVuYXJiZWl0L2Z1ZW4vIj48ZGl2IGNsYXNzPSJiYW5uZXIiPg0KPGltZyBjbGFzcz0ic3VyYWRuamEtaW1nIiBzcmM9Imh0dHBzOi8vd3d3LnVuaWF2dWtvdmFyLmNvbS93cC1jb250ZW50L3VwbG9hZHMvMjAyMS8xMi9mdWVuLnBuZyI+DQo8aDE+RlVFTjwvaDE+DQo8L2Rpdj48L2E+[\/vc_raw_html][\/vc_column][vc_column width=&#8220;1\/2&#8243; woodmart_css_id=&#8220;61a4aaece96ca&#8220; parallax_scroll=&#8220;no&#8220; woodmart_sticky_column=&#8220;false&#8220; wd_collapsible_content_switcher=&#8220;no&#8220; mobile_bg_img_hidden=&#8220;no&#8220; tablet_bg_img_hidden=&#8220;no&#8220; woodmart_parallax=&#8220;0&#8243; woodmart_box_shadow=&#8220;no&#8220; mobile_reset_margin=&#8220;no&#8220; tablet_reset_margin=&#8220;no&#8220; wd_z_index=&#8220;no&#8220; responsive_spacing=&#8220;eyJwYXJhbV90eXBlIjoid29vZG1hcnRfcmVzcG9uc2l2ZV9zcGFjaW5nIiwic2VsZWN0b3JfaWQiOiI2MWE0YWFlY2U5NmNhIiwic2hvcnRjb2RlIjoidmNfY29sdW1uIiwiZGF0YSI6eyJ0YWJsZXQiOnt9LCJtb2JpbGUiOnt9fX0=&#8220;][vc_raw_html]PGEgaHJlZj0iaHR0cHM6Ly93d3cudW5pYXZ1a292YXIuY29tL2RlL3p1c2FtbWVuYXJiZWl0L2ludGVybmF0aW9uYWxlLXp1c2FtbWVuYXJiZWl0L2JtaS8iPjxkaXYgY2xhc3M9ImJhbm5lciI+DQo8aW1nIGNsYXNzPSJzdXJhZG5qYS1pbWciIHNyYz0iaHR0cHM6Ly93d3cudW5pYXZ1a292YXIuY29tL3dwLWNvbnRlbnQvdXBsb2Fkcy8yMDIxLzEyL0xvZ29fQk1JXzAucG5nIiBhbHQ9Imlrb25hLWxva2FjaWphLTIiPg0KPGgxPkJNSTwvaDE+DQo8L2Rpdj48L2E+[\/vc_raw_html][\/vc_column][\/vc_row][vc_row woodmart_css_id=&#8220;61a4aab52c517&#8243; responsive_spacing=&#8220;eyJwYXJhbV90eXBlIjoid29vZG1hcnRfcmVzcG9uc2l2ZV9zcGFjaW5nIiwic2VsZWN0b3JfaWQiOiI2MWE0YWFiNTJjNTE3Iiwic2hvcnRjb2RlIjoidmNfcm93IiwiZGF0YSI6eyJ0YWJsZXQiOnt9LCJtb2JpbGUiOnt9fX0=&#8220; mobile_bg_img_hidden=&#8220;no&#8220; tablet_bg_img_hidden=&#8220;no&#8220; woodmart_parallax=&#8220;0&#8243; woodmart_gradient_switch=&#8220;no&#8220; woodmart_box_shadow=&#8220;no&#8220; wd_z_index=&#8220;no&#8220; woodmart_disable_overflow=&#8220;0&#8243; row_reverse_mobile=&#8220;0&#8243; row_reverse_tablet=&#8220;0&#8243;][vc_column width=&#8220;1\/2&#8243; woodmart_css_id=&#8220;61a4aae2af5fd&#8220; parallax_scroll=&#8220;no&#8220; woodmart_sticky_column=&#8220;false&#8220; wd_collapsible_content_switcher=&#8220;no&#8220; mobile_bg_img_hidden=&#8220;no&#8220; tablet_bg_img_hidden=&#8220;no&#8220; woodmart_parallax=&#8220;0&#8243; woodmart_box_shadow=&#8220;no&#8220; mobile_reset_margin=&#8220;no&#8220; tablet_reset_margin=&#8220;no&#8220; wd_z_index=&#8220;no&#8220; responsive_spacing=&#8220;eyJwYXJhbV90eXBlIjoid29vZG1hcnRfcmVzcG9uc2l2ZV9zcGFjaW5nIiwic2VsZWN0b3JfaWQiOiI2MWE0YWFlMmFmNWZkIiwic2hvcnRjb2RlIjoidmNfY29sdW1uIiwiZGF0YSI6eyJ0YWJsZXQiOnt9LCJtb2JpbGUiOnt9fX0=&#8220;][vc_raw_html]JTNDYSUyMGhyZWYlM0QlMjJodHRwcyUzQSUyRiUyRnd3dy51bmlhdnVrb3Zhci5jb20lMkZkZSUyRnp1c2FtbWVuYXJiZWl0JTJGaW50ZXJuYXRpb25hbGUtenVzYW1tZW5hcmJlaXQlMkZkZXV0c2NoZS1ib3RzY2hhZnQtemFncmViJTJGJTIyJTNFJTNDZGl2JTIwY2xhc3MlM0QlMjJiYW5uZXIlMjIlM0UlMEElM0NpbWclMjBjbGFzcyUzRCUyMnN1cmFkbmphLWltZyUyMiUyMHNyYyUzRCUyMmh0dHBzJTNBJTJGJTJGd3d3LnVuaWF2dWtvdmFyLmNvbSUyRndwLWNvbnRlbnQlMkZ1cGxvYWRzJTJGMjAyMSUyRjEyJTJGbmplbWFja29fdmVsZXBvc2xhbnN0dm9fMS5wbmclMjIlMjBhbHQlM0QlMjJpa29uYS1sb2thY2lqYSUyMiUzRSUwQSUzQ2gxJTNFREVVVFNDSEUlMjBCT1RTQ0hBRlQlMjBaQUdSRUIlM0MlMkZoMSUzRSUwQSUzQyUyRmRpdiUzRSUzQyUyRmElM0U=[\/vc_raw_html][\/vc_column][vc_column width=&#8220;1\/2&#8243; woodmart_css_id=&#8220;61a4aaece96ca&#8220; parallax_scroll=&#8220;no&#8220; woodmart_sticky_column=&#8220;false&#8220; wd_collapsible_content_switcher=&#8220;no&#8220; mobile_bg_img_hidden=&#8220;no&#8220; tablet_bg_img_hidden=&#8220;no&#8220; woodmart_parallax=&#8220;0&#8243; woodmart_box_shadow=&#8220;no&#8220; mobile_reset_margin=&#8220;no&#8220; tablet_reset_margin=&#8220;no&#8220; wd_z_index=&#8220;no&#8220; responsive_spacing=&#8220;eyJwYXJhbV90eXBlIjoid29vZG1hcnRfcmVzcG9uc2l2ZV9zcGFjaW5nIiwic2VsZWN0b3JfaWQiOiI2MWE0YWFlY2U5NmNhIiwic2hvcnRjb2RlIjoidmNfY29sdW1uIiwiZGF0YSI6eyJ0YWJsZXQiOnt9LCJtb2JpbGUiOnt9fX0=&#8220;][vc_raw_html]JTNDYSUyMGhyZWYlM0QlMjJodHRwcyUzQSUyRiUyRnd3dy51bmlhdnVrb3Zhci5jb20lMkZkZSUyRnp1c2FtbWVuYXJiZWl0JTJGaW50ZXJuYXRpb25hbGUtenVzYW1tZW5hcmJlaXQlMkZvZXN0ZXJyZWljaGlzY2hlLWxhbmRzbWFubnNjaGFmdCUyRiUyMiUzRSUzQ2RpdiUyMGNsYXNzJTNEJTIyYmFubmVyJTIyJTNFJTBBJTNDaW1nJTIwY2xhc3MlM0QlMjJzdXJhZG5qYS1pbWclMjIlMjBzcmMlM0QlMjJodHRwcyUzQSUyRiUyRnd3dy51bmlhdnVrb3Zhci5jb20lMkZ3cC1jb250ZW50JTJGdXBsb2FkcyUyRjIwMjElMkYxMiUyRm9sbS5wbmclMjIlM0UlMEElM0NoMSUzRSVDMyU5NkxNJTNDJTJGaDElM0UlMEElM0MlMkZkaXYlM0UlM0MlMkZhJTNF[\/vc_raw_html][\/vc_column][\/vc_row]<\/p>\n","protected":false},"excerpt":{"rendered":"<p>[vc_row woodmart_css_id=&#8220;61a73fcf1b3e7&#8243; responsive_spacing=&#8220;eyJwYXJhbV90eXBlIjoid29vZG1hcnRfcmVzcG9uc2l2ZV9zcGFjaW5nIiwic2VsZWN0b3JfaWQiOiI2MWE3M2ZjZjFiM2U3Iiwic2hvcnRjb2RlIjoidmNfcm93IiwiZGF0YSI6eyJ0YWJsZXQiOnt9LCJtb2JpbGUiOnt9fX0=&#8220; mobile_bg_img_hidden=&#8220;no&#8220; tablet_bg_img_hidden=&#8220;no&#8220; woodmart_parallax=&#8220;0&#8243; woodmart_gradient_switch=&#8220;no&#8220; woodmart_box_shadow=&#8220;no&#8220; wd_z_index=&#8220;no&#8220; woodmart_disable_overflow=&#8220;0&#8243; row_reverse_mobile=&#8220;0&#8243; row_reverse_tablet=&#8220;0&#8243;][vc_column][vc_row_inner][vc_column_inner][vc_column_text woodmart_inline=&#8220;no&#8220; text_larger=&#8220;no&#8220;] Es wird eine internationale Zusammenarbeit mit<\/p>\n","protected":false},"author":2,"featured_media":0,"parent":180,"menu_order":0,"comment_status":"closed","ping_status":"closed","template":"","meta":{"footnotes":""},"class_list":["post-294","page","type-page","status-publish","hentry"],"yoast_head":"<!-- This site is optimized with the Yoast SEO plugin v17.7.1 - https:\/\/yoast.com\/wordpress\/plugins\/seo\/ -->\n<title>Internationale Zusammenarbeit - Udruga Nijemaca i Austrijanaca Vukovar<\/title>\n<meta name=\"robots\" content=\"index, follow, max-snippet:-1, max-image-preview:large, max-video-preview:-1\" \/>\n<link rel=\"canonical\" href=\"https:\/\/www.uniavukovar.com\/de\/zusammenarbeit\/internationale-zusammenarbeit\/\" \/>\n<meta property=\"og:locale\" content=\"de_DE\" \/>\n<meta property=\"og:type\" content=\"article\" \/>\n<meta property=\"og:title\" content=\"Internationale Zusammenarbeit - Udruga Nijemaca i Austrijanaca Vukovar\" \/>\n<meta property=\"og:description\" content=\"[vc_row woodmart_css_id=&#8220;61a73fcf1b3e7&#8243; responsive_spacing=&#8220;eyJwYXJhbV90eXBlIjoid29vZG1hcnRfcmVzcG9uc2l2ZV9zcGFjaW5nIiwic2VsZWN0b3JfaWQiOiI2MWE3M2ZjZjFiM2U3Iiwic2hvcnRjb2RlIjoidmNfcm93IiwiZGF0YSI6eyJ0YWJsZXQiOnt9LCJtb2JpbGUiOnt9fX0=&#8220; mobile_bg_img_hidden=&#8220;no&#8220; tablet_bg_img_hidden=&#8220;no&#8220; woodmart_parallax=&#8220;0&#8243; woodmart_gradient_switch=&#8220;no&#8220; woodmart_box_shadow=&#8220;no&#8220; wd_z_index=&#8220;no&#8220; woodmart_disable_overflow=&#8220;0&#8243; row_reverse_mobile=&#8220;0&#8243; row_reverse_tablet=&#8220;0&#8243;][vc_column][vc_row_inner][vc_column_inner][vc_column_text woodmart_inline=&#8220;no&#8220; text_larger=&#8220;no&#8220;] Es wird eine internationale Zusammenarbeit mit\" \/>\n<meta property=\"og:url\" content=\"https:\/\/www.uniavukovar.com\/de\/zusammenarbeit\/internationale-zusammenarbeit\/\" \/>\n<meta property=\"og:site_name\" content=\"Udruga Nijemaca i Austrijanaca Vukovar\" \/>\n<meta property=\"article:publisher\" content=\"https:\/\/www.facebook.com\/Udruga-Nijemaca-i-Austrijanaca-Vukovar-VD%c3%96V-100966641842437\/\" \/>\n<meta property=\"article:modified_time\" content=\"2021-12-06T10:45:47+00:00\" \/>\n<meta property=\"og:image\" content=\"https:\/\/www.uniavukovar.com\/wp-content\/uploads\/2021\/12\/udruga_nijemaca_seo.png\" \/>\n\t<meta property=\"og:image:width\" content=\"500\" \/>\n\t<meta property=\"og:image:height\" content=\"300\" \/>\n<meta name=\"twitter:card\" content=\"summary_large_image\" \/>\n<meta name=\"twitter:label1\" content=\"Gesch\u00e4tzte Lesezeit\" \/>\n\t<meta name=\"twitter:data1\" content=\"4\u00a0Minuten\" \/>\n<script type=\"application\/ld+json\" class=\"yoast-schema-graph\">{\"@context\":\"https:\/\/schema.org\",\"@graph\":[{\"@type\":\"Organization\",\"@id\":\"https:\/\/www.uniavukovar.com\/#organization\",\"name\":\"Udruga Nijemaca i Austrijanaca Vukovar\",\"url\":\"https:\/\/www.uniavukovar.com\/\",\"sameAs\":[\"https:\/\/www.facebook.com\/Udruga-Nijemaca-i-Austrijanaca-Vukovar-VD\\u00d6V-100966641842437\/\"],\"logo\":{\"@type\":\"ImageObject\",\"@id\":\"https:\/\/www.uniavukovar.com\/#logo\",\"inLanguage\":\"de\",\"url\":\"https:\/\/www.uniavukovar.com\/wp-content\/uploads\/2021\/12\/udruga_nijemaca_seo.png\",\"contentUrl\":\"https:\/\/www.uniavukovar.com\/wp-content\/uploads\/2021\/12\/udruga_nijemaca_seo.png\",\"width\":500,\"height\":300,\"caption\":\"Udruga Nijemaca i Austrijanaca Vukovar\"},\"image\":{\"@id\":\"https:\/\/www.uniavukovar.com\/#logo\"}},{\"@type\":\"WebSite\",\"@id\":\"https:\/\/www.uniavukovar.com\/#website\",\"url\":\"https:\/\/www.uniavukovar.com\/\",\"name\":\"Udruga Nijemaca i Austrijanaca Vukovar\",\"description\":\"Slu\\u017ebena web stranica udruge\",\"publisher\":{\"@id\":\"https:\/\/www.uniavukovar.com\/#organization\"},\"potentialAction\":[{\"@type\":\"SearchAction\",\"target\":{\"@type\":\"EntryPoint\",\"urlTemplate\":\"https:\/\/www.uniavukovar.com\/?s={search_term_string}\"},\"query-input\":\"required name=search_term_string\"}],\"inLanguage\":\"de\"},{\"@type\":\"WebPage\",\"@id\":\"https:\/\/www.uniavukovar.com\/de\/zusammenarbeit\/internationale-zusammenarbeit\/#webpage\",\"url\":\"https:\/\/www.uniavukovar.com\/de\/zusammenarbeit\/internationale-zusammenarbeit\/\",\"name\":\"Internationale Zusammenarbeit - Udruga Nijemaca i Austrijanaca Vukovar\",\"isPartOf\":{\"@id\":\"https:\/\/www.uniavukovar.com\/#website\"},\"datePublished\":\"2021-12-01T13:06:49+00:00\",\"dateModified\":\"2021-12-06T10:45:47+00:00\",\"breadcrumb\":{\"@id\":\"https:\/\/www.uniavukovar.com\/de\/zusammenarbeit\/internationale-zusammenarbeit\/#breadcrumb\"},\"inLanguage\":\"de\",\"potentialAction\":[{\"@type\":\"ReadAction\",\"target\":[\"https:\/\/www.uniavukovar.com\/de\/zusammenarbeit\/internationale-zusammenarbeit\/\"]}]},{\"@type\":\"BreadcrumbList\",\"@id\":\"https:\/\/www.uniavukovar.com\/de\/zusammenarbeit\/internationale-zusammenarbeit\/#breadcrumb\",\"itemListElement\":[{\"@type\":\"ListItem\",\"position\":1,\"name\":\"Po\\u010detna stranica\",\"item\":\"https:\/\/www.uniavukovar.com\/de\/\"},{\"@type\":\"ListItem\",\"position\":2,\"name\":\"Zusammenarbeit\",\"item\":\"https:\/\/www.uniavukovar.com\/de\/zusammenarbeit\/\"},{\"@type\":\"ListItem\",\"position\":3,\"name\":\"Internationale Zusammenarbeit\"}]}]}<\/script>\n<!-- \/ Yoast SEO plugin. -->","yoast_head_json":{"title":"Internationale Zusammenarbeit - Udruga Nijemaca i Austrijanaca Vukovar","robots":{"index":"index","follow":"follow","max-snippet":"max-snippet:-1","max-image-preview":"max-image-preview:large","max-video-preview":"max-video-preview:-1"},"canonical":"https:\/\/www.uniavukovar.com\/de\/zusammenarbeit\/internationale-zusammenarbeit\/","og_locale":"de_DE","og_type":"article","og_title":"Internationale Zusammenarbeit - Udruga Nijemaca i Austrijanaca Vukovar","og_description":"[vc_row woodmart_css_id=&#8220;61a73fcf1b3e7&#8243; responsive_spacing=&#8220;eyJwYXJhbV90eXBlIjoid29vZG1hcnRfcmVzcG9uc2l2ZV9zcGFjaW5nIiwic2VsZWN0b3JfaWQiOiI2MWE3M2ZjZjFiM2U3Iiwic2hvcnRjb2RlIjoidmNfcm93IiwiZGF0YSI6eyJ0YWJsZXQiOnt9LCJtb2JpbGUiOnt9fX0=&#8220; mobile_bg_img_hidden=&#8220;no&#8220; tablet_bg_img_hidden=&#8220;no&#8220; woodmart_parallax=&#8220;0&#8243; woodmart_gradient_switch=&#8220;no&#8220; woodmart_box_shadow=&#8220;no&#8220; wd_z_index=&#8220;no&#8220; woodmart_disable_overflow=&#8220;0&#8243; row_reverse_mobile=&#8220;0&#8243; row_reverse_tablet=&#8220;0&#8243;][vc_column][vc_row_inner][vc_column_inner][vc_column_text woodmart_inline=&#8220;no&#8220; text_larger=&#8220;no&#8220;] Es wird eine internationale Zusammenarbeit mit","og_url":"https:\/\/www.uniavukovar.com\/de\/zusammenarbeit\/internationale-zusammenarbeit\/","og_site_name":"Udruga Nijemaca i Austrijanaca Vukovar","article_publisher":"https:\/\/www.facebook.com\/Udruga-Nijemaca-i-Austrijanaca-Vukovar-VD%c3%96V-100966641842437\/","article_modified_time":"2021-12-06T10:45:47+00:00","og_image":[{"width":500,"height":300,"url":"https:\/\/www.uniavukovar.com\/wp-content\/uploads\/2021\/12\/udruga_nijemaca_seo.png","type":"image\/png"}],"twitter_card":"summary_large_image","twitter_misc":{"Gesch\u00e4tzte Lesezeit":"4\u00a0Minuten"},"schema":{"@context":"https:\/\/schema.org","@graph":[{"@type":"Organization","@id":"https:\/\/www.uniavukovar.com\/#organization","name":"Udruga Nijemaca i Austrijanaca Vukovar","url":"https:\/\/www.uniavukovar.com\/","sameAs":["https:\/\/www.facebook.com\/Udruga-Nijemaca-i-Austrijanaca-Vukovar-VD\u00d6V-100966641842437\/"],"logo":{"@type":"ImageObject","@id":"https:\/\/www.uniavukovar.com\/#logo","inLanguage":"de","url":"https:\/\/www.uniavukovar.com\/wp-content\/uploads\/2021\/12\/udruga_nijemaca_seo.png","contentUrl":"https:\/\/www.uniavukovar.com\/wp-content\/uploads\/2021\/12\/udruga_nijemaca_seo.png","width":500,"height":300,"caption":"Udruga Nijemaca i Austrijanaca Vukovar"},"image":{"@id":"https:\/\/www.uniavukovar.com\/#logo"}},{"@type":"WebSite","@id":"https:\/\/www.uniavukovar.com\/#website","url":"https:\/\/www.uniavukovar.com\/","name":"Udruga Nijemaca i Austrijanaca Vukovar","description":"Slu\u017ebena web stranica udruge","publisher":{"@id":"https:\/\/www.uniavukovar.com\/#organization"},"potentialAction":[{"@type":"SearchAction","target":{"@type":"EntryPoint","urlTemplate":"https:\/\/www.uniavukovar.com\/?s={search_term_string}"},"query-input":"required name=search_term_string"}],"inLanguage":"de"},{"@type":"WebPage","@id":"https:\/\/www.uniavukovar.com\/de\/zusammenarbeit\/internationale-zusammenarbeit\/#webpage","url":"https:\/\/www.uniavukovar.com\/de\/zusammenarbeit\/internationale-zusammenarbeit\/","name":"Internationale Zusammenarbeit - Udruga Nijemaca i Austrijanaca Vukovar","isPartOf":{"@id":"https:\/\/www.uniavukovar.com\/#website"},"datePublished":"2021-12-01T13:06:49+00:00","dateModified":"2021-12-06T10:45:47+00:00","breadcrumb":{"@id":"https:\/\/www.uniavukovar.com\/de\/zusammenarbeit\/internationale-zusammenarbeit\/#breadcrumb"},"inLanguage":"de","potentialAction":[{"@type":"ReadAction","target":["https:\/\/www.uniavukovar.com\/de\/zusammenarbeit\/internationale-zusammenarbeit\/"]}]},{"@type":"BreadcrumbList","@id":"https:\/\/www.uniavukovar.com\/de\/zusammenarbeit\/internationale-zusammenarbeit\/#breadcrumb","itemListElement":[{"@type":"ListItem","position":1,"name":"Po\u010detna stranica","item":"https:\/\/www.uniavukovar.com\/de\/"},{"@type":"ListItem","position":2,"name":"Zusammenarbeit","item":"https:\/\/www.uniavukovar.com\/de\/zusammenarbeit\/"},{"@type":"ListItem","position":3,"name":"Internationale Zusammenarbeit"}]}]}},"_links":{"self":[{"href":"https:\/\/www.uniavukovar.com\/de\/wp-json\/wp\/v2\/pages\/294","targetHints":{"allow":["GET"]}}],"collection":[{"href":"https:\/\/www.uniavukovar.com\/de\/wp-json\/wp\/v2\/pages"}],"about":[{"href":"https:\/\/www.uniavukovar.com\/de\/wp-json\/wp\/v2\/types\/page"}],"author":[{"embeddable":true,"href":"https:\/\/www.uniavukovar.com\/de\/wp-json\/wp\/v2\/users\/2"}],"replies":[{"embeddable":true,"href":"https:\/\/www.uniavukovar.com\/de\/wp-json\/wp\/v2\/comments?post=294"}],"version-history":[{"count":7,"href":"https:\/\/www.uniavukovar.com\/de\/wp-json\/wp\/v2\/pages\/294\/revisions"}],"predecessor-version":[{"id":523,"href":"https:\/\/www.uniavukovar.com\/de\/wp-json\/wp\/v2\/pages\/294\/revisions\/523"}],"up":[{"embeddable":true,"href":"https:\/\/www.uniavukovar.com\/de\/wp-json\/wp\/v2\/pages\/180"}],"wp:attachment":[{"href":"https:\/\/www.uniavukovar.com\/de\/wp-json\/wp\/v2\/media?parent=294"}],"curies":[{"name":"wp","href":"https:\/\/api.w.org\/{rel}","templated":true}]}}