{"id":291,"date":"2021-12-01T14:01:57","date_gmt":"2021-12-01T13:01:57","guid":{"rendered":"https:\/\/www.uniavukovar.com\/bmi\/"},"modified":"2021-12-01T14:11:57","modified_gmt":"2021-12-01T13:11:57","slug":"bmi","status":"publish","type":"page","link":"https:\/\/www.uniavukovar.com\/de\/zusammenarbeit\/internationale-zusammenarbeit\/bmi\/","title":{"rendered":"Bmi"},"content":{"rendered":"<p>[vc_row woodmart_css_id=&#8220;61a743a466cda&#8220; responsive_spacing=&#8220;eyJwYXJhbV90eXBlIjoid29vZG1hcnRfcmVzcG9uc2l2ZV9zcGFjaW5nIiwic2VsZWN0b3JfaWQiOiI2MWE3NDNhNDY2Y2RhIiwic2hvcnRjb2RlIjoidmNfcm93IiwiZGF0YSI6eyJ0YWJsZXQiOnt9LCJtb2JpbGUiOnt9fX0=&#8220; mobile_bg_img_hidden=&#8220;no&#8220; tablet_bg_img_hidden=&#8220;no&#8220; woodmart_parallax=&#8220;0&#8243; woodmart_gradient_switch=&#8220;no&#8220; woodmart_box_shadow=&#8220;no&#8220; wd_z_index=&#8220;no&#8220; woodmart_disable_overflow=&#8220;0&#8243; row_reverse_mobile=&#8220;0&#8243; row_reverse_tablet=&#8220;0&#8243;][vc_column][vc_row_inner][vc_column_inner width=&#8220;1\/2&#8243;][vc_column_text woodmart_inline=&#8220;no&#8220; text_larger=&#8220;no&#8220;]<\/p>\n<p style=\"font-size: 18px;\">Die Aufgaben des Bundesministeriums des Innern, f\u00fcr Bau und Heimat (BMI) sind ebenso vielf\u00e4ltig wie verantwortungsvoll. Das Spektrum reicht von der Rolle als H\u00fcter der Verfassung und F\u00f6rderer des gesellschaftlichen Zusammenhalts \u00fcber die Integration, Sportf\u00f6rderung des Bundes und die Informationstechnik bis hin zu den Sicherheitsaufgaben. Als \u201eVerfassungs- und Kommunalministerium\u201c ist das Bundesinnenministerium f\u00fcr die Modernisierung von Staat und Verwaltung zust\u00e4ndig. Aber auch f\u00fcr Kernfragen unserer staatlichen und f\u00f6deralen Ordnung, wie beispielsweise das Wahlrecht. Grundlage unseres politischen wie gesellschaftlichen Miteinanders bildet die freiheitlich-demokratische Grundordnung.<\/p>\n<p>[\/vc_column_text][\/vc_column_inner][vc_column_inner width=&#8220;1\/2&#8243;][vc_column_text woodmart_inline=&#8220;no&#8220; text_larger=&#8220;no&#8220;]<\/p>\n<p style=\"font-size: 18px;\">Deswegen haben das Ehrenamt und die politische Bildung einen festen Platz im Aufgabenspektrum des Hauses.<\/p>\n<p style=\"font-size: 18px;\">Um alle diese Aufgaben zum Wohle der B\u00fcrgerinnen und B\u00fcrger erf\u00fcllen zu k\u00f6nnen, arbeiten in drei Dienstsitzen in Berlin und Bonn mehr als 2.100 Mitarbeiterinnen und Mitarbeiter.<\/p>\n<p>[\/vc_column_text][\/vc_column_inner][\/vc_row_inner][\/vc_column][\/vc_row]<\/p>\n","protected":false},"excerpt":{"rendered":"<p>[vc_row woodmart_css_id=&#8220;61a743a466cda&#8220; responsive_spacing=&#8220;eyJwYXJhbV90eXBlIjoid29vZG1hcnRfcmVzcG9uc2l2ZV9zcGFjaW5nIiwic2VsZWN0b3JfaWQiOiI2MWE3NDNhNDY2Y2RhIiwic2hvcnRjb2RlIjoidmNfcm93IiwiZGF0YSI6eyJ0YWJsZXQiOnt9LCJtb2JpbGUiOnt9fX0=&#8220; mobile_bg_img_hidden=&#8220;no&#8220; tablet_bg_img_hidden=&#8220;no&#8220; woodmart_parallax=&#8220;0&#8243; woodmart_gradient_switch=&#8220;no&#8220; woodmart_box_shadow=&#8220;no&#8220; wd_z_index=&#8220;no&#8220; woodmart_disable_overflow=&#8220;0&#8243; row_reverse_mobile=&#8220;0&#8243; row_reverse_tablet=&#8220;0&#8243;][vc_column][vc_row_inner][vc_column_inner width=&#8220;1\/2&#8243;][vc_column_text woodmart_inline=&#8220;no&#8220; text_larger=&#8220;no&#8220;] Die Aufgaben des Bundesministeriums des<\/p>\n","protected":false},"author":2,"featured_media":0,"parent":294,"menu_order":0,"comment_status":"closed","ping_status":"closed","template":"","meta":{"footnotes":""},"class_list":["post-291","page","type-page","status-publish","hentry"],"yoast_head":"<!-- This site is optimized with the Yoast SEO plugin v17.7.1 - https:\/\/yoast.com\/wordpress\/plugins\/seo\/ -->\n<title>Bmi - Udruga Nijemaca i Austrijanaca Vukovar<\/title>\n<meta name=\"robots\" content=\"index, follow, max-snippet:-1, max-image-preview:large, max-video-preview:-1\" \/>\n<link rel=\"canonical\" href=\"https:\/\/www.uniavukovar.com\/de\/zusammenarbeit\/internationale-zusammenarbeit\/bmi\/\" \/>\n<meta property=\"og:locale\" content=\"de_DE\" \/>\n<meta property=\"og:type\" content=\"article\" \/>\n<meta property=\"og:title\" content=\"Bmi - Udruga Nijemaca i Austrijanaca Vukovar\" \/>\n<meta property=\"og:description\" content=\"[vc_row woodmart_css_id=&#8220;61a743a466cda&#8220; responsive_spacing=&#8220;eyJwYXJhbV90eXBlIjoid29vZG1hcnRfcmVzcG9uc2l2ZV9zcGFjaW5nIiwic2VsZWN0b3JfaWQiOiI2MWE3NDNhNDY2Y2RhIiwic2hvcnRjb2RlIjoidmNfcm93IiwiZGF0YSI6eyJ0YWJsZXQiOnt9LCJtb2JpbGUiOnt9fX0=&#8220; mobile_bg_img_hidden=&#8220;no&#8220; tablet_bg_img_hidden=&#8220;no&#8220; woodmart_parallax=&#8220;0&#8243; woodmart_gradient_switch=&#8220;no&#8220; woodmart_box_shadow=&#8220;no&#8220; wd_z_index=&#8220;no&#8220; woodmart_disable_overflow=&#8220;0&#8243; row_reverse_mobile=&#8220;0&#8243; row_reverse_tablet=&#8220;0&#8243;][vc_column][vc_row_inner][vc_column_inner width=&#8220;1\/2&#8243;][vc_column_text woodmart_inline=&#8220;no&#8220; text_larger=&#8220;no&#8220;] Die Aufgaben des Bundesministeriums des\" \/>\n<meta property=\"og:url\" content=\"https:\/\/www.uniavukovar.com\/de\/zusammenarbeit\/internationale-zusammenarbeit\/bmi\/\" \/>\n<meta property=\"og:site_name\" content=\"Udruga Nijemaca i Austrijanaca Vukovar\" \/>\n<meta property=\"article:publisher\" content=\"https:\/\/www.facebook.com\/Udruga-Nijemaca-i-Austrijanaca-Vukovar-VD%c3%96V-100966641842437\/\" \/>\n<meta property=\"article:modified_time\" content=\"2021-12-01T13:11:57+00:00\" \/>\n<meta property=\"og:image\" content=\"https:\/\/www.uniavukovar.com\/wp-content\/uploads\/2021\/12\/udruga_nijemaca_seo.png\" \/>\n\t<meta property=\"og:image:width\" content=\"500\" \/>\n\t<meta property=\"og:image:height\" content=\"300\" \/>\n<meta name=\"twitter:card\" content=\"summary_large_image\" \/>\n<meta name=\"twitter:label1\" content=\"Gesch\u00e4tzte Lesezeit\" \/>\n\t<meta name=\"twitter:data1\" content=\"1\u00a0Minute\" \/>\n<script type=\"application\/ld+json\" class=\"yoast-schema-graph\">{\"@context\":\"https:\/\/schema.org\",\"@graph\":[{\"@type\":\"Organization\",\"@id\":\"https:\/\/www.uniavukovar.com\/#organization\",\"name\":\"Udruga Nijemaca i Austrijanaca Vukovar\",\"url\":\"https:\/\/www.uniavukovar.com\/\",\"sameAs\":[\"https:\/\/www.facebook.com\/Udruga-Nijemaca-i-Austrijanaca-Vukovar-VD\\u00d6V-100966641842437\/\"],\"logo\":{\"@type\":\"ImageObject\",\"@id\":\"https:\/\/www.uniavukovar.com\/#logo\",\"inLanguage\":\"de\",\"url\":\"https:\/\/www.uniavukovar.com\/wp-content\/uploads\/2021\/12\/udruga_nijemaca_seo.png\",\"contentUrl\":\"https:\/\/www.uniavukovar.com\/wp-content\/uploads\/2021\/12\/udruga_nijemaca_seo.png\",\"width\":500,\"height\":300,\"caption\":\"Udruga Nijemaca i Austrijanaca Vukovar\"},\"image\":{\"@id\":\"https:\/\/www.uniavukovar.com\/#logo\"}},{\"@type\":\"WebSite\",\"@id\":\"https:\/\/www.uniavukovar.com\/#website\",\"url\":\"https:\/\/www.uniavukovar.com\/\",\"name\":\"Udruga Nijemaca i Austrijanaca Vukovar\",\"description\":\"Slu\\u017ebena web stranica udruge\",\"publisher\":{\"@id\":\"https:\/\/www.uniavukovar.com\/#organization\"},\"potentialAction\":[{\"@type\":\"SearchAction\",\"target\":{\"@type\":\"EntryPoint\",\"urlTemplate\":\"https:\/\/www.uniavukovar.com\/?s={search_term_string}\"},\"query-input\":\"required name=search_term_string\"}],\"inLanguage\":\"de\"},{\"@type\":\"WebPage\",\"@id\":\"https:\/\/www.uniavukovar.com\/de\/zusammenarbeit\/internationale-zusammenarbeit\/bmi\/#webpage\",\"url\":\"https:\/\/www.uniavukovar.com\/de\/zusammenarbeit\/internationale-zusammenarbeit\/bmi\/\",\"name\":\"Bmi - Udruga Nijemaca i Austrijanaca Vukovar\",\"isPartOf\":{\"@id\":\"https:\/\/www.uniavukovar.com\/#website\"},\"datePublished\":\"2021-12-01T13:01:57+00:00\",\"dateModified\":\"2021-12-01T13:11:57+00:00\",\"breadcrumb\":{\"@id\":\"https:\/\/www.uniavukovar.com\/de\/zusammenarbeit\/internationale-zusammenarbeit\/bmi\/#breadcrumb\"},\"inLanguage\":\"de\",\"potentialAction\":[{\"@type\":\"ReadAction\",\"target\":[\"https:\/\/www.uniavukovar.com\/de\/zusammenarbeit\/internationale-zusammenarbeit\/bmi\/\"]}]},{\"@type\":\"BreadcrumbList\",\"@id\":\"https:\/\/www.uniavukovar.com\/de\/zusammenarbeit\/internationale-zusammenarbeit\/bmi\/#breadcrumb\",\"itemListElement\":[{\"@type\":\"ListItem\",\"position\":1,\"name\":\"Po\\u010detna stranica\",\"item\":\"https:\/\/www.uniavukovar.com\/de\/\"},{\"@type\":\"ListItem\",\"position\":2,\"name\":\"Zusammenarbeit\",\"item\":\"https:\/\/www.uniavukovar.com\/de\/zusammenarbeit\/\"},{\"@type\":\"ListItem\",\"position\":3,\"name\":\"Internationale Zusammenarbeit\",\"item\":\"https:\/\/www.uniavukovar.com\/de\/zusammenarbeit\/internationale-zusammenarbeit\/\"},{\"@type\":\"ListItem\",\"position\":4,\"name\":\"Bmi\"}]}]}<\/script>\n<!-- \/ Yoast SEO plugin. -->","yoast_head_json":{"title":"Bmi - Udruga Nijemaca i Austrijanaca Vukovar","robots":{"index":"index","follow":"follow","max-snippet":"max-snippet:-1","max-image-preview":"max-image-preview:large","max-video-preview":"max-video-preview:-1"},"canonical":"https:\/\/www.uniavukovar.com\/de\/zusammenarbeit\/internationale-zusammenarbeit\/bmi\/","og_locale":"de_DE","og_type":"article","og_title":"Bmi - Udruga Nijemaca i Austrijanaca Vukovar","og_description":"[vc_row woodmart_css_id=&#8220;61a743a466cda&#8220; responsive_spacing=&#8220;eyJwYXJhbV90eXBlIjoid29vZG1hcnRfcmVzcG9uc2l2ZV9zcGFjaW5nIiwic2VsZWN0b3JfaWQiOiI2MWE3NDNhNDY2Y2RhIiwic2hvcnRjb2RlIjoidmNfcm93IiwiZGF0YSI6eyJ0YWJsZXQiOnt9LCJtb2JpbGUiOnt9fX0=&#8220; mobile_bg_img_hidden=&#8220;no&#8220; tablet_bg_img_hidden=&#8220;no&#8220; woodmart_parallax=&#8220;0&#8243; woodmart_gradient_switch=&#8220;no&#8220; woodmart_box_shadow=&#8220;no&#8220; wd_z_index=&#8220;no&#8220; woodmart_disable_overflow=&#8220;0&#8243; row_reverse_mobile=&#8220;0&#8243; row_reverse_tablet=&#8220;0&#8243;][vc_column][vc_row_inner][vc_column_inner width=&#8220;1\/2&#8243;][vc_column_text woodmart_inline=&#8220;no&#8220; text_larger=&#8220;no&#8220;] Die Aufgaben des Bundesministeriums des","og_url":"https:\/\/www.uniavukovar.com\/de\/zusammenarbeit\/internationale-zusammenarbeit\/bmi\/","og_site_name":"Udruga Nijemaca i Austrijanaca Vukovar","article_publisher":"https:\/\/www.facebook.com\/Udruga-Nijemaca-i-Austrijanaca-Vukovar-VD%c3%96V-100966641842437\/","article_modified_time":"2021-12-01T13:11:57+00:00","og_image":[{"width":500,"height":300,"url":"https:\/\/www.uniavukovar.com\/wp-content\/uploads\/2021\/12\/udruga_nijemaca_seo.png","type":"image\/png"}],"twitter_card":"summary_large_image","twitter_misc":{"Gesch\u00e4tzte Lesezeit":"1\u00a0Minute"},"schema":{"@context":"https:\/\/schema.org","@graph":[{"@type":"Organization","@id":"https:\/\/www.uniavukovar.com\/#organization","name":"Udruga Nijemaca i Austrijanaca Vukovar","url":"https:\/\/www.uniavukovar.com\/","sameAs":["https:\/\/www.facebook.com\/Udruga-Nijemaca-i-Austrijanaca-Vukovar-VD\u00d6V-100966641842437\/"],"logo":{"@type":"ImageObject","@id":"https:\/\/www.uniavukovar.com\/#logo","inLanguage":"de","url":"https:\/\/www.uniavukovar.com\/wp-content\/uploads\/2021\/12\/udruga_nijemaca_seo.png","contentUrl":"https:\/\/www.uniavukovar.com\/wp-content\/uploads\/2021\/12\/udruga_nijemaca_seo.png","width":500,"height":300,"caption":"Udruga Nijemaca i Austrijanaca Vukovar"},"image":{"@id":"https:\/\/www.uniavukovar.com\/#logo"}},{"@type":"WebSite","@id":"https:\/\/www.uniavukovar.com\/#website","url":"https:\/\/www.uniavukovar.com\/","name":"Udruga Nijemaca i Austrijanaca Vukovar","description":"Slu\u017ebena web stranica udruge","publisher":{"@id":"https:\/\/www.uniavukovar.com\/#organization"},"potentialAction":[{"@type":"SearchAction","target":{"@type":"EntryPoint","urlTemplate":"https:\/\/www.uniavukovar.com\/?s={search_term_string}"},"query-input":"required name=search_term_string"}],"inLanguage":"de"},{"@type":"WebPage","@id":"https:\/\/www.uniavukovar.com\/de\/zusammenarbeit\/internationale-zusammenarbeit\/bmi\/#webpage","url":"https:\/\/www.uniavukovar.com\/de\/zusammenarbeit\/internationale-zusammenarbeit\/bmi\/","name":"Bmi - Udruga Nijemaca i Austrijanaca Vukovar","isPartOf":{"@id":"https:\/\/www.uniavukovar.com\/#website"},"datePublished":"2021-12-01T13:01:57+00:00","dateModified":"2021-12-01T13:11:57+00:00","breadcrumb":{"@id":"https:\/\/www.uniavukovar.com\/de\/zusammenarbeit\/internationale-zusammenarbeit\/bmi\/#breadcrumb"},"inLanguage":"de","potentialAction":[{"@type":"ReadAction","target":["https:\/\/www.uniavukovar.com\/de\/zusammenarbeit\/internationale-zusammenarbeit\/bmi\/"]}]},{"@type":"BreadcrumbList","@id":"https:\/\/www.uniavukovar.com\/de\/zusammenarbeit\/internationale-zusammenarbeit\/bmi\/#breadcrumb","itemListElement":[{"@type":"ListItem","position":1,"name":"Po\u010detna stranica","item":"https:\/\/www.uniavukovar.com\/de\/"},{"@type":"ListItem","position":2,"name":"Zusammenarbeit","item":"https:\/\/www.uniavukovar.com\/de\/zusammenarbeit\/"},{"@type":"ListItem","position":3,"name":"Internationale Zusammenarbeit","item":"https:\/\/www.uniavukovar.com\/de\/zusammenarbeit\/internationale-zusammenarbeit\/"},{"@type":"ListItem","position":4,"name":"Bmi"}]}]}},"_links":{"self":[{"href":"https:\/\/www.uniavukovar.com\/de\/wp-json\/wp\/v2\/pages\/291","targetHints":{"allow":["GET"]}}],"collection":[{"href":"https:\/\/www.uniavukovar.com\/de\/wp-json\/wp\/v2\/pages"}],"about":[{"href":"https:\/\/www.uniavukovar.com\/de\/wp-json\/wp\/v2\/types\/page"}],"author":[{"embeddable":true,"href":"https:\/\/www.uniavukovar.com\/de\/wp-json\/wp\/v2\/users\/2"}],"replies":[{"embeddable":true,"href":"https:\/\/www.uniavukovar.com\/de\/wp-json\/wp\/v2\/comments?post=291"}],"version-history":[{"count":2,"href":"https:\/\/www.uniavukovar.com\/de\/wp-json\/wp\/v2\/pages\/291\/revisions"}],"predecessor-version":[{"id":293,"href":"https:\/\/www.uniavukovar.com\/de\/wp-json\/wp\/v2\/pages\/291\/revisions\/293"}],"up":[{"embeddable":true,"href":"https:\/\/www.uniavukovar.com\/de\/wp-json\/wp\/v2\/pages\/294"}],"wp:attachment":[{"href":"https:\/\/www.uniavukovar.com\/de\/wp-json\/wp\/v2\/media?parent=291"}],"curies":[{"name":"wp","href":"https:\/\/api.w.org\/{rel}","templated":true}]}}