{"id":288,"date":"2021-12-01T14:00:54","date_gmt":"2021-12-01T13:00:54","guid":{"rendered":"https:\/\/www.uniavukovar.com\/efeu\/"},"modified":"2021-12-06T11:28:02","modified_gmt":"2021-12-06T10:28:02","slug":"deutsche-botschaft-zagreb","status":"publish","type":"page","link":"https:\/\/www.uniavukovar.com\/de\/zusammenarbeit\/internationale-zusammenarbeit\/deutsche-botschaft-zagreb\/","title":{"rendered":"Deutsche Botschaft Zagreb"},"content":{"rendered":"<p>[vc_row][vc_column]\t\t\t<link rel=\"stylesheet\" id=\"wd-responsive-text-css\" href=\"https:\/\/www.uniavukovar.com\/wp-content\/themes\/woodmart\/css\/parts\/el-responsive-text.min.css?ver=6.2.4\" type=\"text\/css\" media=\"all\" \/> \t\t\t\t\t\t<div id=\"wd-61ade12aab091\" class=\"wd-text-block-wrapper wd-wpb wd-rs-61ade12aab091 color-scheme- wd-width-100 text-center \">\n\t\t\t\t<div class=\"woodmart-title-container woodmart-text-block reset-last-child font-primary wd-font-weight- wd-fontsize-xxl\">\n\t\t\t\t\t<\/p>\n<h1 style=\"text-align: center; color: #9e0b0f;\">Odjel za kulturu pri Njema\u010dkom veleposlanstvu u Zagrebu<\/h1>\n<p>\t\t\t\t<\/div>\n\n\t\t\t\t\t\t\t<\/div>\n\t\t[\/vc_column][\/vc_row][vc_row woodmart_css_id=&#8220;61a73fcf1b3e7&#8243; responsive_spacing=&#8220;eyJwYXJhbV90eXBlIjoid29vZG1hcnRfcmVzcG9uc2l2ZV9zcGFjaW5nIiwic2VsZWN0b3JfaWQiOiI2MWE3M2ZjZjFiM2U3Iiwic2hvcnRjb2RlIjoidmNfcm93IiwiZGF0YSI6eyJ0YWJsZXQiOnt9LCJtb2JpbGUiOnt9fX0=&#8220; mobile_bg_img_hidden=&#8220;no&#8220; tablet_bg_img_hidden=&#8220;no&#8220; woodmart_parallax=&#8220;0&#8243; woodmart_gradient_switch=&#8220;no&#8220; woodmart_box_shadow=&#8220;no&#8220; wd_z_index=&#8220;no&#8220; woodmart_disable_overflow=&#8220;0&#8243; row_reverse_mobile=&#8220;0&#8243; row_reverse_tablet=&#8220;0&#8243;][vc_column][vc_row_inner][vc_column_inner width=&#8220;1\/2&#8243; woodmart_css_id=&#8220;61a75104da191&#8243; parallax_scroll=&#8220;no&#8220; woodmart_sticky_column=&#8220;false&#8220; wd_collapsible_content_switcher=&#8220;no&#8220; mobile_bg_img_hidden=&#8220;no&#8220; tablet_bg_img_hidden=&#8220;no&#8220; woodmart_parallax=&#8220;0&#8243; woodmart_box_shadow=&#8220;no&#8220; wd_z_index=&#8220;no&#8220; responsive_spacing=&#8220;eyJwYXJhbV90eXBlIjoid29vZG1hcnRfcmVzcG9uc2l2ZV9zcGFjaW5nIiwic2VsZWN0b3JfaWQiOiI2MWE3NTEwNGRhMTkxIiwic2hvcnRjb2RlIjoidmNfY29sdW1uX2lubmVyIiwiZGF0YSI6eyJ0YWJsZXQiOnt9LCJtb2JpbGUiOnt9fX0=&#8220;][vc_column_text woodmart_inline=&#8220;no&#8220; text_larger=&#8220;no&#8220;]<\/p>\n<div class=\"lokalna-suradnja-tekst\">\n<ul style=\"font-size: 18px;\">\n<li>poti\u010de hrvatsko-njema\u010dke kulturne odnose u kontaktu s Ministarstvom znanosti, obrazovanja i \u0161porta i Ministarstvom kulture Republike Hrvatske<\/li>\n<li>koordinira njema\u010dku vanjsku kulturnu politiku u Republici Hrvatskoj u suradnji s Goethe-Institutom i ostalim posredni\u010dkim organizacijama<\/li>\n<li>prati kulturnu politiku Hrvatske i o tome izvje\u0161tava Vladu Savezne Republike Njema\u010dke<\/li>\n<li>na politi\u010dkoj razini poti\u010de upotrebu njema\u010dkog kao stranog jezika u Hrvatskoj<\/li>\n<\/ul>\n<\/div>\n<p>[\/vc_column_text][\/vc_column_inner][vc_column_inner width=&#8220;1\/2&#8243; woodmart_css_id=&#8220;61a74d7490de4&#8243; parallax_scroll=&#8220;no&#8220; woodmart_sticky_column=&#8220;false&#8220; wd_collapsible_content_switcher=&#8220;no&#8220; mobile_bg_img_hidden=&#8220;no&#8220; tablet_bg_img_hidden=&#8220;no&#8220; woodmart_parallax=&#8220;0&#8243; woodmart_box_shadow=&#8220;no&#8220; wd_z_index=&#8220;no&#8220; responsive_spacing=&#8220;eyJwYXJhbV90eXBlIjoid29vZG1hcnRfcmVzcG9uc2l2ZV9zcGFjaW5nIiwic2VsZWN0b3JfaWQiOiI2MWE3NGQ3NDkwZGU0Iiwic2hvcnRjb2RlIjoidmNfY29sdW1uX2lubmVyIiwiZGF0YSI6eyJ0YWJsZXQiOnt9LCJtb2JpbGUiOnt9fX0=&#8220;][vc_column_text woodmart_inline=&#8220;no&#8220; text_larger=&#8220;no&#8220;]<\/p>\n<div class=\"lokalna-suradnja-tekst\">\n<ul style=\"font-size: 18px;\">\n<li>savjetuje u\u010denike i studente u pripremi boravka u Njema\u010dkoj<\/li>\n<li>podupire njema\u010dku manjinu u Hrvatskoj u njezinom kulturnom radu<\/li>\n<li>zadu\u017een je za pitanja znanosti, visokog \u0161kolstva, religije i crkava te razmjene mladih<\/li>\n<\/ul>\n<\/div>\n<p>[\/vc_column_text][vc_column_text woodmart_inline=&#8220;no&#8220; text_larger=&#8220;no&#8220;]<\/p>\n<p style=\"font-size: 18px;\">Voditeljica Odjela je <strong>Nathalie Linow<\/strong>.<\/p>\n<p>[\/vc_column_text][\/vc_column_inner][\/vc_row_inner][vc_row_inner][vc_column_inner][vc_column_text woodmart_inline=&#8220;no&#8220; text_larger=&#8220;no&#8220;]<\/p>\n<p style=\"text-align: center; font-size: 18px;\"><a href=\"https:\/\/zagreb.diplo.de\/hr-hr\" target=\"_blank\" rel=\"noopener\">https:\/\/zagreb.diplo.de\/hr-hr<\/a><\/p>\n<p>[\/vc_column_text][\/vc_column_inner][\/vc_row_inner][\/vc_column][\/vc_row]<\/p>\n","protected":false},"excerpt":{"rendered":"<p>[vc_row][vc_column][\/vc_column][\/vc_row][vc_row woodmart_css_id=&#8220;61a73fcf1b3e7&#8243; responsive_spacing=&#8220;eyJwYXJhbV90eXBlIjoid29vZG1hcnRfcmVzcG9uc2l2ZV9zcGFjaW5nIiwic2VsZWN0b3JfaWQiOiI2MWE3M2ZjZjFiM2U3Iiwic2hvcnRjb2RlIjoidmNfcm93IiwiZGF0YSI6eyJ0YWJsZXQiOnt9LCJtb2JpbGUiOnt9fX0=&#8220; mobile_bg_img_hidden=&#8220;no&#8220; tablet_bg_img_hidden=&#8220;no&#8220; woodmart_parallax=&#8220;0&#8243; woodmart_gradient_switch=&#8220;no&#8220; woodmart_box_shadow=&#8220;no&#8220; wd_z_index=&#8220;no&#8220; woodmart_disable_overflow=&#8220;0&#8243; row_reverse_mobile=&#8220;0&#8243; row_reverse_tablet=&#8220;0&#8243;][vc_column][vc_row_inner][vc_column_inner width=&#8220;1\/2&#8243; woodmart_css_id=&#8220;61a75104da191&#8243; parallax_scroll=&#8220;no&#8220; woodmart_sticky_column=&#8220;false&#8220; wd_collapsible_content_switcher=&#8220;no&#8220; mobile_bg_img_hidden=&#8220;no&#8220; tablet_bg_img_hidden=&#8220;no&#8220; woodmart_parallax=&#8220;0&#8243;<\/p>\n","protected":false},"author":2,"featured_media":0,"parent":294,"menu_order":0,"comment_status":"closed","ping_status":"closed","template":"","meta":{"footnotes":""},"class_list":["post-288","page","type-page","status-publish","hentry"],"yoast_head":"<!-- This site is optimized with the Yoast SEO plugin v17.7.1 - https:\/\/yoast.com\/wordpress\/plugins\/seo\/ -->\n<title>Deutsche Botschaft Zagreb - Udruga Nijemaca i Austrijanaca Vukovar<\/title>\n<meta name=\"robots\" content=\"index, follow, max-snippet:-1, max-image-preview:large, max-video-preview:-1\" \/>\n<link rel=\"canonical\" href=\"https:\/\/www.uniavukovar.com\/de\/zusammenarbeit\/internationale-zusammenarbeit\/deutsche-botschaft-zagreb\/\" \/>\n<meta property=\"og:locale\" content=\"de_DE\" \/>\n<meta property=\"og:type\" content=\"article\" \/>\n<meta property=\"og:title\" content=\"Deutsche Botschaft Zagreb - Udruga Nijemaca i Austrijanaca Vukovar\" \/>\n<meta property=\"og:description\" content=\"[vc_row][vc_column][\/vc_column][\/vc_row][vc_row woodmart_css_id=&#8220;61a73fcf1b3e7&#8243; responsive_spacing=&#8220;eyJwYXJhbV90eXBlIjoid29vZG1hcnRfcmVzcG9uc2l2ZV9zcGFjaW5nIiwic2VsZWN0b3JfaWQiOiI2MWE3M2ZjZjFiM2U3Iiwic2hvcnRjb2RlIjoidmNfcm93IiwiZGF0YSI6eyJ0YWJsZXQiOnt9LCJtb2JpbGUiOnt9fX0=&#8220; mobile_bg_img_hidden=&#8220;no&#8220; tablet_bg_img_hidden=&#8220;no&#8220; woodmart_parallax=&#8220;0&#8243; woodmart_gradient_switch=&#8220;no&#8220; woodmart_box_shadow=&#8220;no&#8220; wd_z_index=&#8220;no&#8220; woodmart_disable_overflow=&#8220;0&#8243; row_reverse_mobile=&#8220;0&#8243; row_reverse_tablet=&#8220;0&#8243;][vc_column][vc_row_inner][vc_column_inner width=&#8220;1\/2&#8243; woodmart_css_id=&#8220;61a75104da191&#8243; parallax_scroll=&#8220;no&#8220; woodmart_sticky_column=&#8220;false&#8220; wd_collapsible_content_switcher=&#8220;no&#8220; mobile_bg_img_hidden=&#8220;no&#8220; tablet_bg_img_hidden=&#8220;no&#8220; woodmart_parallax=&#8220;0&#8243;\" \/>\n<meta property=\"og:url\" content=\"https:\/\/www.uniavukovar.com\/de\/zusammenarbeit\/internationale-zusammenarbeit\/deutsche-botschaft-zagreb\/\" \/>\n<meta property=\"og:site_name\" content=\"Udruga Nijemaca i Austrijanaca Vukovar\" \/>\n<meta property=\"article:publisher\" content=\"https:\/\/www.facebook.com\/Udruga-Nijemaca-i-Austrijanaca-Vukovar-VD%c3%96V-100966641842437\/\" \/>\n<meta property=\"article:modified_time\" content=\"2021-12-06T10:28:02+00:00\" \/>\n<meta property=\"og:image\" content=\"https:\/\/www.uniavukovar.com\/wp-content\/uploads\/2021\/12\/udruga_nijemaca_seo.png\" \/>\n\t<meta property=\"og:image:width\" content=\"500\" \/>\n\t<meta property=\"og:image:height\" content=\"300\" \/>\n<meta name=\"twitter:card\" content=\"summary_large_image\" \/>\n<meta name=\"twitter:label1\" content=\"Gesch\u00e4tzte Lesezeit\" \/>\n\t<meta name=\"twitter:data1\" content=\"2\u00a0Minuten\" \/>\n<script type=\"application\/ld+json\" class=\"yoast-schema-graph\">{\"@context\":\"https:\/\/schema.org\",\"@graph\":[{\"@type\":\"Organization\",\"@id\":\"https:\/\/www.uniavukovar.com\/#organization\",\"name\":\"Udruga Nijemaca i Austrijanaca Vukovar\",\"url\":\"https:\/\/www.uniavukovar.com\/\",\"sameAs\":[\"https:\/\/www.facebook.com\/Udruga-Nijemaca-i-Austrijanaca-Vukovar-VD\\u00d6V-100966641842437\/\"],\"logo\":{\"@type\":\"ImageObject\",\"@id\":\"https:\/\/www.uniavukovar.com\/#logo\",\"inLanguage\":\"de\",\"url\":\"https:\/\/www.uniavukovar.com\/wp-content\/uploads\/2021\/12\/udruga_nijemaca_seo.png\",\"contentUrl\":\"https:\/\/www.uniavukovar.com\/wp-content\/uploads\/2021\/12\/udruga_nijemaca_seo.png\",\"width\":500,\"height\":300,\"caption\":\"Udruga Nijemaca i Austrijanaca Vukovar\"},\"image\":{\"@id\":\"https:\/\/www.uniavukovar.com\/#logo\"}},{\"@type\":\"WebSite\",\"@id\":\"https:\/\/www.uniavukovar.com\/#website\",\"url\":\"https:\/\/www.uniavukovar.com\/\",\"name\":\"Udruga Nijemaca i Austrijanaca Vukovar\",\"description\":\"Slu\\u017ebena web stranica udruge\",\"publisher\":{\"@id\":\"https:\/\/www.uniavukovar.com\/#organization\"},\"potentialAction\":[{\"@type\":\"SearchAction\",\"target\":{\"@type\":\"EntryPoint\",\"urlTemplate\":\"https:\/\/www.uniavukovar.com\/?s={search_term_string}\"},\"query-input\":\"required name=search_term_string\"}],\"inLanguage\":\"de\"},{\"@type\":\"WebPage\",\"@id\":\"https:\/\/www.uniavukovar.com\/de\/zusammenarbeit\/internationale-zusammenarbeit\/deutsche-botschaft-zagreb\/#webpage\",\"url\":\"https:\/\/www.uniavukovar.com\/de\/zusammenarbeit\/internationale-zusammenarbeit\/deutsche-botschaft-zagreb\/\",\"name\":\"Deutsche Botschaft Zagreb - Udruga Nijemaca i Austrijanaca Vukovar\",\"isPartOf\":{\"@id\":\"https:\/\/www.uniavukovar.com\/#website\"},\"datePublished\":\"2021-12-01T13:00:54+00:00\",\"dateModified\":\"2021-12-06T10:28:02+00:00\",\"breadcrumb\":{\"@id\":\"https:\/\/www.uniavukovar.com\/de\/zusammenarbeit\/internationale-zusammenarbeit\/deutsche-botschaft-zagreb\/#breadcrumb\"},\"inLanguage\":\"de\",\"potentialAction\":[{\"@type\":\"ReadAction\",\"target\":[\"https:\/\/www.uniavukovar.com\/de\/zusammenarbeit\/internationale-zusammenarbeit\/deutsche-botschaft-zagreb\/\"]}]},{\"@type\":\"BreadcrumbList\",\"@id\":\"https:\/\/www.uniavukovar.com\/de\/zusammenarbeit\/internationale-zusammenarbeit\/deutsche-botschaft-zagreb\/#breadcrumb\",\"itemListElement\":[{\"@type\":\"ListItem\",\"position\":1,\"name\":\"Po\\u010detna stranica\",\"item\":\"https:\/\/www.uniavukovar.com\/de\/\"},{\"@type\":\"ListItem\",\"position\":2,\"name\":\"Zusammenarbeit\",\"item\":\"https:\/\/www.uniavukovar.com\/de\/zusammenarbeit\/\"},{\"@type\":\"ListItem\",\"position\":3,\"name\":\"Internationale Zusammenarbeit\",\"item\":\"https:\/\/www.uniavukovar.com\/de\/zusammenarbeit\/internationale-zusammenarbeit\/\"},{\"@type\":\"ListItem\",\"position\":4,\"name\":\"Deutsche Botschaft Zagreb\"}]}]}<\/script>\n<!-- \/ Yoast SEO plugin. -->","yoast_head_json":{"title":"Deutsche Botschaft Zagreb - Udruga Nijemaca i Austrijanaca Vukovar","robots":{"index":"index","follow":"follow","max-snippet":"max-snippet:-1","max-image-preview":"max-image-preview:large","max-video-preview":"max-video-preview:-1"},"canonical":"https:\/\/www.uniavukovar.com\/de\/zusammenarbeit\/internationale-zusammenarbeit\/deutsche-botschaft-zagreb\/","og_locale":"de_DE","og_type":"article","og_title":"Deutsche Botschaft Zagreb - Udruga Nijemaca i Austrijanaca Vukovar","og_description":"[vc_row][vc_column][\/vc_column][\/vc_row][vc_row woodmart_css_id=&#8220;61a73fcf1b3e7&#8243; responsive_spacing=&#8220;eyJwYXJhbV90eXBlIjoid29vZG1hcnRfcmVzcG9uc2l2ZV9zcGFjaW5nIiwic2VsZWN0b3JfaWQiOiI2MWE3M2ZjZjFiM2U3Iiwic2hvcnRjb2RlIjoidmNfcm93IiwiZGF0YSI6eyJ0YWJsZXQiOnt9LCJtb2JpbGUiOnt9fX0=&#8220; mobile_bg_img_hidden=&#8220;no&#8220; tablet_bg_img_hidden=&#8220;no&#8220; woodmart_parallax=&#8220;0&#8243; woodmart_gradient_switch=&#8220;no&#8220; woodmart_box_shadow=&#8220;no&#8220; wd_z_index=&#8220;no&#8220; woodmart_disable_overflow=&#8220;0&#8243; row_reverse_mobile=&#8220;0&#8243; row_reverse_tablet=&#8220;0&#8243;][vc_column][vc_row_inner][vc_column_inner width=&#8220;1\/2&#8243; woodmart_css_id=&#8220;61a75104da191&#8243; parallax_scroll=&#8220;no&#8220; woodmart_sticky_column=&#8220;false&#8220; wd_collapsible_content_switcher=&#8220;no&#8220; mobile_bg_img_hidden=&#8220;no&#8220; tablet_bg_img_hidden=&#8220;no&#8220; woodmart_parallax=&#8220;0&#8243;","og_url":"https:\/\/www.uniavukovar.com\/de\/zusammenarbeit\/internationale-zusammenarbeit\/deutsche-botschaft-zagreb\/","og_site_name":"Udruga Nijemaca i Austrijanaca Vukovar","article_publisher":"https:\/\/www.facebook.com\/Udruga-Nijemaca-i-Austrijanaca-Vukovar-VD%c3%96V-100966641842437\/","article_modified_time":"2021-12-06T10:28:02+00:00","og_image":[{"width":500,"height":300,"url":"https:\/\/www.uniavukovar.com\/wp-content\/uploads\/2021\/12\/udruga_nijemaca_seo.png","type":"image\/png"}],"twitter_card":"summary_large_image","twitter_misc":{"Gesch\u00e4tzte Lesezeit":"2\u00a0Minuten"},"schema":{"@context":"https:\/\/schema.org","@graph":[{"@type":"Organization","@id":"https:\/\/www.uniavukovar.com\/#organization","name":"Udruga Nijemaca i Austrijanaca Vukovar","url":"https:\/\/www.uniavukovar.com\/","sameAs":["https:\/\/www.facebook.com\/Udruga-Nijemaca-i-Austrijanaca-Vukovar-VD\u00d6V-100966641842437\/"],"logo":{"@type":"ImageObject","@id":"https:\/\/www.uniavukovar.com\/#logo","inLanguage":"de","url":"https:\/\/www.uniavukovar.com\/wp-content\/uploads\/2021\/12\/udruga_nijemaca_seo.png","contentUrl":"https:\/\/www.uniavukovar.com\/wp-content\/uploads\/2021\/12\/udruga_nijemaca_seo.png","width":500,"height":300,"caption":"Udruga Nijemaca i Austrijanaca Vukovar"},"image":{"@id":"https:\/\/www.uniavukovar.com\/#logo"}},{"@type":"WebSite","@id":"https:\/\/www.uniavukovar.com\/#website","url":"https:\/\/www.uniavukovar.com\/","name":"Udruga Nijemaca i Austrijanaca Vukovar","description":"Slu\u017ebena web stranica udruge","publisher":{"@id":"https:\/\/www.uniavukovar.com\/#organization"},"potentialAction":[{"@type":"SearchAction","target":{"@type":"EntryPoint","urlTemplate":"https:\/\/www.uniavukovar.com\/?s={search_term_string}"},"query-input":"required name=search_term_string"}],"inLanguage":"de"},{"@type":"WebPage","@id":"https:\/\/www.uniavukovar.com\/de\/zusammenarbeit\/internationale-zusammenarbeit\/deutsche-botschaft-zagreb\/#webpage","url":"https:\/\/www.uniavukovar.com\/de\/zusammenarbeit\/internationale-zusammenarbeit\/deutsche-botschaft-zagreb\/","name":"Deutsche Botschaft Zagreb - Udruga Nijemaca i Austrijanaca Vukovar","isPartOf":{"@id":"https:\/\/www.uniavukovar.com\/#website"},"datePublished":"2021-12-01T13:00:54+00:00","dateModified":"2021-12-06T10:28:02+00:00","breadcrumb":{"@id":"https:\/\/www.uniavukovar.com\/de\/zusammenarbeit\/internationale-zusammenarbeit\/deutsche-botschaft-zagreb\/#breadcrumb"},"inLanguage":"de","potentialAction":[{"@type":"ReadAction","target":["https:\/\/www.uniavukovar.com\/de\/zusammenarbeit\/internationale-zusammenarbeit\/deutsche-botschaft-zagreb\/"]}]},{"@type":"BreadcrumbList","@id":"https:\/\/www.uniavukovar.com\/de\/zusammenarbeit\/internationale-zusammenarbeit\/deutsche-botschaft-zagreb\/#breadcrumb","itemListElement":[{"@type":"ListItem","position":1,"name":"Po\u010detna stranica","item":"https:\/\/www.uniavukovar.com\/de\/"},{"@type":"ListItem","position":2,"name":"Zusammenarbeit","item":"https:\/\/www.uniavukovar.com\/de\/zusammenarbeit\/"},{"@type":"ListItem","position":3,"name":"Internationale Zusammenarbeit","item":"https:\/\/www.uniavukovar.com\/de\/zusammenarbeit\/internationale-zusammenarbeit\/"},{"@type":"ListItem","position":4,"name":"Deutsche Botschaft Zagreb"}]}]}},"_links":{"self":[{"href":"https:\/\/www.uniavukovar.com\/de\/wp-json\/wp\/v2\/pages\/288","targetHints":{"allow":["GET"]}}],"collection":[{"href":"https:\/\/www.uniavukovar.com\/de\/wp-json\/wp\/v2\/pages"}],"about":[{"href":"https:\/\/www.uniavukovar.com\/de\/wp-json\/wp\/v2\/types\/page"}],"author":[{"embeddable":true,"href":"https:\/\/www.uniavukovar.com\/de\/wp-json\/wp\/v2\/users\/2"}],"replies":[{"embeddable":true,"href":"https:\/\/www.uniavukovar.com\/de\/wp-json\/wp\/v2\/comments?post=288"}],"version-history":[{"count":4,"href":"https:\/\/www.uniavukovar.com\/de\/wp-json\/wp\/v2\/pages\/288\/revisions"}],"predecessor-version":[{"id":513,"href":"https:\/\/www.uniavukovar.com\/de\/wp-json\/wp\/v2\/pages\/288\/revisions\/513"}],"up":[{"embeddable":true,"href":"https:\/\/www.uniavukovar.com\/de\/wp-json\/wp\/v2\/pages\/294"}],"wp:attachment":[{"href":"https:\/\/www.uniavukovar.com\/de\/wp-json\/wp\/v2\/media?parent=288"}],"curies":[{"name":"wp","href":"https:\/\/api.w.org\/{rel}","templated":true}]}}