{"id":185,"date":"2021-11-25T14:09:58","date_gmt":"2021-11-25T13:09:58","guid":{"rendered":"https:\/\/www.uniavukovar.com\/pravila-privatnosti\/"},"modified":"2021-11-30T13:34:40","modified_gmt":"2021-11-30T12:34:40","slug":"datenschutz-bestimmungen","status":"publish","type":"page","link":"https:\/\/www.uniavukovar.com\/de\/datenschutz-bestimmungen\/","title":{"rendered":"Datenschutz-Bestimmungen"},"content":{"rendered":"&#13;\n<p>Der Verband Deutscher und \u00d6sterreicher Vukovar, gem\u00e4\u00df der \u201eDatenschutzgrundverordnung\u201c (EU) Nr. 2016\/679 verpflichtet sich, die personenbezogenen Daten der Kunden zu sch\u00fctzen, indem nur die zur Erf\u00fcllung unserer Verpflichtungen erforderlichen grundlegenden Daten \u00fcber Kunden erhoben werden; informiert Kunden \u00fcber die Verwendung der erhobenen Daten, gibt Kunden regelm\u00e4\u00dfig Wahlm\u00f6glichkeiten \u00fcber die Verwendung ihrer Daten, einschlie\u00dflich der M\u00f6glichkeit zu entscheiden, ob ihr Name aus den Listen f\u00fcr Marketingkampagnen entfernt werden soll. Alle Benutzerdaten werden streng aufbewahrt und stehen nur Mitarbeitern zur Verf\u00fcgung, die diese Daten f\u00fcr ihre Arbeit ben\u00f6tigen. Alle Mitarbeiter des Vereins Deutscher und \u00d6sterreicher Vukovar und Gesch\u00e4ftspartner sind f\u00fcr die Einhaltung der Datenschutzgrunds\u00e4tze verantwortlich.<\/p>&#13;\n&#13;\n<p><strong>Korrekturen und Aktualisierungen personenbezogener Daten<\/strong><br\/>Wenn sich die pers\u00f6nlichen Daten des Benutzers (z. B. eine Postleitzahl) \u00e4ndern oder der Benutzer unseren Service nicht mehr ben\u00f6tigt, gestatten wir Ihnen, die von uns gespeicherten pers\u00f6nlichen Daten des Benutzers zu korrigieren, zu aktualisieren oder zu entfernen. Dies kann durch Senden einer E-Mail an uniavukovar@gmail.com erfolgen.<\/p>&#13;\n&#13;\n<p><strong>Das Widerspruchsrecht<\/strong><br\/>Sollten Sie trotz aller getroffenen Ma\u00dfnahmen zum Schutz personenbezogener Daten der Ansicht sein, dass Sie Gr\u00fcnde f\u00fcr einen Widerspruch haben, k\u00f6nnen Sie sich gerne unter der E-Mail-Adresse uniavukovar@gmail.com an uns wenden.<\/p>&#13;\n&#13;\n<p><strong>Regeln f\u00fcr den Umgang mit Cookies<\/strong><br\/>Ein Cookie sind Informationen, die eine Website auf dem Computer oder Mobilger\u00e4t eines Besuchers speichert. Das Cookie erm\u00f6glicht es der Website, sich an die Aktionen des Besuchers aus seinen Besuchen zu erinnern. Die meisten Browser erlauben die Verwendung von Cookies, der Benutzer kann jedoch jederzeit Cookies l\u00f6schen oder die Verwendung von Cookies im Browser verbieten. Die h\u00e4ufigsten Gr\u00fcnde f\u00fcr die Verwendung von Cookies sind die Benutzeridentifikation, das Speichern von Benutzereinstellungen, das Eingeben oder Anzeigen von Inhalten, die bereits bei fr\u00fcheren Besuchen eingegeben wurden, das Sammeln von Daten f\u00fcr Analysen und Werbekampagnen, um die bestm\u00f6gliche Benutzererfahrung zu bieten. <br\/> Bei der Verwendung von Cookies werden bestimmte Daten automatisch von Ihrem Computer erfasst, wenn Sie auf unsere Seite gelangen. Diese Informationen k\u00f6nnen Ihre IP-Adresse, Datum und Uhrzeit des Zugriffs, Informationen \u00fcber den Computertyp, das Betriebssystem, den von Ihnen verwendeten Browser, die Programmversionen und die Spracheinstellungen Ihres Computers umfassen. Wenn Sie auf die Website selbst zugreifen, sehen Sie eine Benachrichtigung \u00fcber die Verwendung von Cookies, die diese Informationen sammeln, und indem Sie auf das Feld &#8222;Cookies akzeptieren&#8220; klicken, geben Sie uns Ihre Zustimmung zur Erfassung dieser Informationen. Wenn Sie die Zustimmung auf der Website nicht zulassen, werden diese Daten nicht erhoben, gespeichert oder verarbeitet.<br\/> Cookies k\u00f6nnen Session-Cookies sein &#8211; auf einem Computer gespeichert und sofort nach Schlie\u00dfen des Browsers gel\u00f6scht, und erm\u00f6glichen es der Website, vor\u00fcbergehend zu sammeln Daten wie Einkaufswagen oder Kommentare. <br\/> Dauerhafte Cookies &#8211; bleiben auf dem Computer, auch wenn der Browser geschlossen oder der Computer heruntergefahren wird, haben aber normalerweise ein Ablaufdatum. <br\/> Erstanbieter-Cookies, die von der Website stammen, die Sie besucht haben, kann vor\u00fcbergehend oder dauerhaft sein. Solche Cookies erm\u00f6glichen es der Website, die verwendeten Daten zu speichern, wenn der Benutzer die Website erneut besucht. Third-Party-Cookies sind Cookies, die von externen Diensten stammen, die begrenzte Cookies f\u00fcr den Benutzer speichern (Facebook, Instagram, Google Analytics, AdWords, etc&#8230;) Diese Cookies werden vom Verband der Deutschen und \u00d6sterreicher Vukovar und gesetzt dienen als Interpretationshilfe f\u00fcr das Nutzerverhalten und f\u00fcr Marketingzwecke. Wenn Sie sich entscheiden, keine Cookies von der Website uniavukovar.com zu akzeptieren, besteht die M\u00f6glichkeit, dass Sie bestimmte Funktionen unserer Website nicht nutzen k\u00f6nnen.<\/p>&#13;\n&#13;\n<p>Verein der Deutschen und \u00d6sterreicher Vukovar <br\/>Parobrodarska 5<br\/>32000 Vukovar<br\/>OIB: 76580801566<br\/>Tel: +385 91 564 2299<br\/>Email: uniavukovar@gmail.com<\/p>&#13;\n","protected":false},"excerpt":{"rendered":"<p>&#13; Der Verband Deutscher und \u00d6sterreicher Vukovar, gem\u00e4\u00df der \u201eDatenschutzgrundverordnung\u201c (EU) Nr. 2016\/679 verpflichtet sich, die personenbezogenen Daten der Kunden<\/p>\n","protected":false},"author":1,"featured_media":0,"parent":0,"menu_order":0,"comment_status":"closed","ping_status":"closed","template":"","meta":{"footnotes":""},"class_list":["post-185","page","type-page","status-publish","hentry"],"yoast_head":"<!-- This site is optimized with the Yoast SEO plugin v17.7.1 - https:\/\/yoast.com\/wordpress\/plugins\/seo\/ -->\n<title>Datenschutz-Bestimmungen - Udruga Nijemaca i Austrijanaca Vukovar<\/title>\n<meta name=\"robots\" content=\"index, follow, max-snippet:-1, max-image-preview:large, max-video-preview:-1\" \/>\n<link rel=\"canonical\" href=\"https:\/\/www.uniavukovar.com\/de\/datenschutz-bestimmungen\/\" \/>\n<meta property=\"og:locale\" content=\"de_DE\" \/>\n<meta property=\"og:type\" content=\"article\" \/>\n<meta property=\"og:title\" content=\"Datenschutz-Bestimmungen - Udruga Nijemaca i Austrijanaca Vukovar\" \/>\n<meta property=\"og:description\" content=\"&#013; Der Verband Deutscher und \u00d6sterreicher Vukovar, gem\u00e4\u00df der \u201eDatenschutzgrundverordnung\u201c (EU) Nr. 2016\/679 verpflichtet sich, die personenbezogenen Daten der Kunden\" \/>\n<meta property=\"og:url\" content=\"https:\/\/www.uniavukovar.com\/de\/datenschutz-bestimmungen\/\" \/>\n<meta property=\"og:site_name\" content=\"Udruga Nijemaca i Austrijanaca Vukovar\" \/>\n<meta property=\"article:publisher\" content=\"https:\/\/www.facebook.com\/Udruga-Nijemaca-i-Austrijanaca-Vukovar-VD%c3%96V-100966641842437\/\" \/>\n<meta property=\"article:modified_time\" content=\"2021-11-30T12:34:40+00:00\" \/>\n<meta property=\"og:image\" content=\"https:\/\/www.uniavukovar.com\/wp-content\/uploads\/2021\/12\/udruga_nijemaca_seo.png\" \/>\n\t<meta property=\"og:image:width\" content=\"500\" \/>\n\t<meta property=\"og:image:height\" content=\"300\" \/>\n<meta name=\"twitter:card\" content=\"summary_large_image\" \/>\n<meta name=\"twitter:label1\" content=\"Gesch\u00e4tzte Lesezeit\" \/>\n\t<meta name=\"twitter:data1\" content=\"3\u00a0Minuten\" \/>\n<script type=\"application\/ld+json\" class=\"yoast-schema-graph\">{\"@context\":\"https:\/\/schema.org\",\"@graph\":[{\"@type\":\"Organization\",\"@id\":\"https:\/\/www.uniavukovar.com\/#organization\",\"name\":\"Udruga Nijemaca i Austrijanaca Vukovar\",\"url\":\"https:\/\/www.uniavukovar.com\/\",\"sameAs\":[\"https:\/\/www.facebook.com\/Udruga-Nijemaca-i-Austrijanaca-Vukovar-VD\\u00d6V-100966641842437\/\"],\"logo\":{\"@type\":\"ImageObject\",\"@id\":\"https:\/\/www.uniavukovar.com\/#logo\",\"inLanguage\":\"de\",\"url\":\"https:\/\/www.uniavukovar.com\/wp-content\/uploads\/2021\/12\/udruga_nijemaca_seo.png\",\"contentUrl\":\"https:\/\/www.uniavukovar.com\/wp-content\/uploads\/2021\/12\/udruga_nijemaca_seo.png\",\"width\":500,\"height\":300,\"caption\":\"Udruga Nijemaca i Austrijanaca Vukovar\"},\"image\":{\"@id\":\"https:\/\/www.uniavukovar.com\/#logo\"}},{\"@type\":\"WebSite\",\"@id\":\"https:\/\/www.uniavukovar.com\/#website\",\"url\":\"https:\/\/www.uniavukovar.com\/\",\"name\":\"Udruga Nijemaca i Austrijanaca Vukovar\",\"description\":\"Slu\\u017ebena web stranica udruge\",\"publisher\":{\"@id\":\"https:\/\/www.uniavukovar.com\/#organization\"},\"potentialAction\":[{\"@type\":\"SearchAction\",\"target\":{\"@type\":\"EntryPoint\",\"urlTemplate\":\"https:\/\/www.uniavukovar.com\/?s={search_term_string}\"},\"query-input\":\"required name=search_term_string\"}],\"inLanguage\":\"de\"},{\"@type\":\"WebPage\",\"@id\":\"https:\/\/www.uniavukovar.com\/de\/datenschutz-bestimmungen\/#webpage\",\"url\":\"https:\/\/www.uniavukovar.com\/de\/datenschutz-bestimmungen\/\",\"name\":\"Datenschutz-Bestimmungen - Udruga Nijemaca i Austrijanaca Vukovar\",\"isPartOf\":{\"@id\":\"https:\/\/www.uniavukovar.com\/#website\"},\"datePublished\":\"2021-11-25T13:09:58+00:00\",\"dateModified\":\"2021-11-30T12:34:40+00:00\",\"breadcrumb\":{\"@id\":\"https:\/\/www.uniavukovar.com\/de\/datenschutz-bestimmungen\/#breadcrumb\"},\"inLanguage\":\"de\",\"potentialAction\":[{\"@type\":\"ReadAction\",\"target\":[\"https:\/\/www.uniavukovar.com\/de\/datenschutz-bestimmungen\/\"]}]},{\"@type\":\"BreadcrumbList\",\"@id\":\"https:\/\/www.uniavukovar.com\/de\/datenschutz-bestimmungen\/#breadcrumb\",\"itemListElement\":[{\"@type\":\"ListItem\",\"position\":1,\"name\":\"Po\\u010detna stranica\",\"item\":\"https:\/\/www.uniavukovar.com\/de\/\"},{\"@type\":\"ListItem\",\"position\":2,\"name\":\"Datenschutz-Bestimmungen\"}]}]}<\/script>\n<!-- \/ Yoast SEO plugin. -->","yoast_head_json":{"title":"Datenschutz-Bestimmungen - Udruga Nijemaca i Austrijanaca Vukovar","robots":{"index":"index","follow":"follow","max-snippet":"max-snippet:-1","max-image-preview":"max-image-preview:large","max-video-preview":"max-video-preview:-1"},"canonical":"https:\/\/www.uniavukovar.com\/de\/datenschutz-bestimmungen\/","og_locale":"de_DE","og_type":"article","og_title":"Datenschutz-Bestimmungen - Udruga Nijemaca i Austrijanaca Vukovar","og_description":"&#13; Der Verband Deutscher und \u00d6sterreicher Vukovar, gem\u00e4\u00df der \u201eDatenschutzgrundverordnung\u201c (EU) Nr. 2016\/679 verpflichtet sich, die personenbezogenen Daten der Kunden","og_url":"https:\/\/www.uniavukovar.com\/de\/datenschutz-bestimmungen\/","og_site_name":"Udruga Nijemaca i Austrijanaca Vukovar","article_publisher":"https:\/\/www.facebook.com\/Udruga-Nijemaca-i-Austrijanaca-Vukovar-VD%c3%96V-100966641842437\/","article_modified_time":"2021-11-30T12:34:40+00:00","og_image":[{"width":500,"height":300,"url":"https:\/\/www.uniavukovar.com\/wp-content\/uploads\/2021\/12\/udruga_nijemaca_seo.png","type":"image\/png"}],"twitter_card":"summary_large_image","twitter_misc":{"Gesch\u00e4tzte Lesezeit":"3\u00a0Minuten"},"schema":{"@context":"https:\/\/schema.org","@graph":[{"@type":"Organization","@id":"https:\/\/www.uniavukovar.com\/#organization","name":"Udruga Nijemaca i Austrijanaca Vukovar","url":"https:\/\/www.uniavukovar.com\/","sameAs":["https:\/\/www.facebook.com\/Udruga-Nijemaca-i-Austrijanaca-Vukovar-VD\u00d6V-100966641842437\/"],"logo":{"@type":"ImageObject","@id":"https:\/\/www.uniavukovar.com\/#logo","inLanguage":"de","url":"https:\/\/www.uniavukovar.com\/wp-content\/uploads\/2021\/12\/udruga_nijemaca_seo.png","contentUrl":"https:\/\/www.uniavukovar.com\/wp-content\/uploads\/2021\/12\/udruga_nijemaca_seo.png","width":500,"height":300,"caption":"Udruga Nijemaca i Austrijanaca Vukovar"},"image":{"@id":"https:\/\/www.uniavukovar.com\/#logo"}},{"@type":"WebSite","@id":"https:\/\/www.uniavukovar.com\/#website","url":"https:\/\/www.uniavukovar.com\/","name":"Udruga Nijemaca i Austrijanaca Vukovar","description":"Slu\u017ebena web stranica udruge","publisher":{"@id":"https:\/\/www.uniavukovar.com\/#organization"},"potentialAction":[{"@type":"SearchAction","target":{"@type":"EntryPoint","urlTemplate":"https:\/\/www.uniavukovar.com\/?s={search_term_string}"},"query-input":"required name=search_term_string"}],"inLanguage":"de"},{"@type":"WebPage","@id":"https:\/\/www.uniavukovar.com\/de\/datenschutz-bestimmungen\/#webpage","url":"https:\/\/www.uniavukovar.com\/de\/datenschutz-bestimmungen\/","name":"Datenschutz-Bestimmungen - Udruga Nijemaca i Austrijanaca Vukovar","isPartOf":{"@id":"https:\/\/www.uniavukovar.com\/#website"},"datePublished":"2021-11-25T13:09:58+00:00","dateModified":"2021-11-30T12:34:40+00:00","breadcrumb":{"@id":"https:\/\/www.uniavukovar.com\/de\/datenschutz-bestimmungen\/#breadcrumb"},"inLanguage":"de","potentialAction":[{"@type":"ReadAction","target":["https:\/\/www.uniavukovar.com\/de\/datenschutz-bestimmungen\/"]}]},{"@type":"BreadcrumbList","@id":"https:\/\/www.uniavukovar.com\/de\/datenschutz-bestimmungen\/#breadcrumb","itemListElement":[{"@type":"ListItem","position":1,"name":"Po\u010detna stranica","item":"https:\/\/www.uniavukovar.com\/de\/"},{"@type":"ListItem","position":2,"name":"Datenschutz-Bestimmungen"}]}]}},"_links":{"self":[{"href":"https:\/\/www.uniavukovar.com\/de\/wp-json\/wp\/v2\/pages\/185","targetHints":{"allow":["GET"]}}],"collection":[{"href":"https:\/\/www.uniavukovar.com\/de\/wp-json\/wp\/v2\/pages"}],"about":[{"href":"https:\/\/www.uniavukovar.com\/de\/wp-json\/wp\/v2\/types\/page"}],"author":[{"embeddable":true,"href":"https:\/\/www.uniavukovar.com\/de\/wp-json\/wp\/v2\/users\/1"}],"replies":[{"embeddable":true,"href":"https:\/\/www.uniavukovar.com\/de\/wp-json\/wp\/v2\/comments?post=185"}],"version-history":[{"count":3,"href":"https:\/\/www.uniavukovar.com\/de\/wp-json\/wp\/v2\/pages\/185\/revisions"}],"predecessor-version":[{"id":216,"href":"https:\/\/www.uniavukovar.com\/de\/wp-json\/wp\/v2\/pages\/185\/revisions\/216"}],"wp:attachment":[{"href":"https:\/\/www.uniavukovar.com\/de\/wp-json\/wp\/v2\/media?parent=185"}],"curies":[{"name":"wp","href":"https:\/\/api.w.org\/{rel}","templated":true}]}}