{"id":167,"date":"2021-11-29T13:15:22","date_gmt":"2021-11-29T12:15:22","guid":{"rendered":"https:\/\/www.uniavukovar.com\/predsjednistvo\/"},"modified":"2021-12-04T17:09:27","modified_gmt":"2021-12-04T16:09:27","slug":"vorstand","status":"publish","type":"page","link":"https:\/\/www.uniavukovar.com\/de\/vorstand\/","title":{"rendered":"Vorstand"},"content":{"rendered":"<p>[vc_row][vc_column width=&#8220;1\/2&#8243;][vc_column_text woodmart_inline=&#8220;no&#8220; text_larger=&#8220;no&#8220;]<\/p>\n<p style=\"font-size: 18px;\">Vorsitzender: <strong>Darko Tufek\u010di\u0107<\/strong><\/p>\n<p style=\"font-size: 18px;\">Vizevorsitzender: <strong>Martina Uglik<\/strong><\/p>\n<p style=\"font-size: 18px;\">Ehrenvorsitzender:\u00a0<strong>Dara Mayer<\/strong><\/p>\n<p style=\"font-size: 18px;\">Sekret\u00e4rin:<strong>Marina Tufek\u010di\u0107<\/strong><\/p>\n<p style=\"font-size: 18px;\">Vorstandmitglieder: \u0110ur\u0111ica Drobac, Dubravka Kalanj, Anton Pfajfer, Drenka Mayer, Kata Len\u0111el, Neboj\u0161a Uglik<\/p>\n<p style=\"font-size: 18px;\">Aufsichtsrat: Anica Bur\u010dak &#8211; Vorsitzender, Marija Meden &#8211; Mitglieder, Lena Vrtari\u0107 &#8211; Mitglieder, Slavica Dombaj &#8211; Liquidator<\/p>\n<p>[\/vc_column_text][\/vc_column][vc_column width=&#8220;1\/2&#8243;][vc_single_image image=&#8220;168&#8243; img_size=&#8220;full&#8220; alignment=&#8220;center&#8220; parallax_scroll=&#8220;no&#8220; woodmart_inline=&#8220;no&#8220;][\/vc_column][\/vc_row]<\/p>\n","protected":false},"excerpt":{"rendered":"<p>[vc_row][vc_column width=&#8220;1\/2&#8243;][vc_column_text woodmart_inline=&#8220;no&#8220; text_larger=&#8220;no&#8220;] Vorsitzender: Darko Tufek\u010di\u0107 Vizevorsitzender: Martina Uglik Ehrenvorsitzender:\u00a0Dara Mayer Sekret\u00e4rin:Marina Tufek\u010di\u0107 Vorstandmitglieder: \u0110ur\u0111ica Drobac, Dubravka Kalanj, Anton<\/p>\n","protected":false},"author":2,"featured_media":0,"parent":0,"menu_order":0,"comment_status":"closed","ping_status":"closed","template":"","meta":{"footnotes":""},"class_list":["post-167","page","type-page","status-publish","hentry"],"yoast_head":"<!-- This site is optimized with the Yoast SEO plugin v17.7.1 - https:\/\/yoast.com\/wordpress\/plugins\/seo\/ -->\n<title>Vorstand - Udruga Nijemaca i Austrijanaca Vukovar<\/title>\n<meta name=\"robots\" content=\"index, follow, max-snippet:-1, max-image-preview:large, max-video-preview:-1\" \/>\n<link rel=\"canonical\" href=\"https:\/\/www.uniavukovar.com\/de\/predsjednistvo\/\" \/>\n<meta property=\"og:locale\" content=\"de_DE\" \/>\n<meta property=\"og:type\" content=\"article\" \/>\n<meta property=\"og:title\" content=\"Vorstand - Udruga Nijemaca i Austrijanaca Vukovar\" \/>\n<meta property=\"og:description\" content=\"[vc_row][vc_column width=&#8220;1\/2&#8243;][vc_column_text woodmart_inline=&#8220;no&#8220; text_larger=&#8220;no&#8220;] Vorsitzender: Darko Tufek\u010di\u0107 Vizevorsitzender: Martina Uglik Ehrenvorsitzender:\u00a0Dara Mayer Sekret\u00e4rin:Marina Tufek\u010di\u0107 Vorstandmitglieder: \u0110ur\u0111ica Drobac, Dubravka Kalanj, Anton\" \/>\n<meta property=\"og:url\" content=\"https:\/\/www.uniavukovar.com\/predsjednistvo\/\" \/>\n<meta property=\"og:site_name\" content=\"Udruga Nijemaca i Austrijanaca Vukovar\" \/>\n<meta property=\"article:publisher\" content=\"https:\/\/www.facebook.com\/Udruga-Nijemaca-i-Austrijanaca-Vukovar-VD%c3%96V-100966641842437\/\" \/>\n<meta property=\"article:modified_time\" content=\"2021-12-04T16:09:27+00:00\" \/>\n<meta property=\"og:image\" content=\"https:\/\/www.uniavukovar.com\/wp-content\/uploads\/2021\/12\/udruga_nijemaca_seo.png\" \/>\n\t<meta property=\"og:image:width\" content=\"500\" \/>\n\t<meta property=\"og:image:height\" content=\"300\" \/>\n<meta name=\"twitter:card\" content=\"summary_large_image\" \/>\n<script type=\"application\/ld+json\" class=\"yoast-schema-graph\">{\"@context\":\"https:\/\/schema.org\",\"@graph\":[{\"@type\":\"Organization\",\"@id\":\"https:\/\/www.uniavukovar.com\/#organization\",\"name\":\"Udruga Nijemaca i Austrijanaca Vukovar\",\"url\":\"https:\/\/www.uniavukovar.com\/\",\"sameAs\":[\"https:\/\/www.facebook.com\/Udruga-Nijemaca-i-Austrijanaca-Vukovar-VD\\u00d6V-100966641842437\/\"],\"logo\":{\"@type\":\"ImageObject\",\"@id\":\"https:\/\/www.uniavukovar.com\/#logo\",\"inLanguage\":\"de\",\"url\":\"https:\/\/www.uniavukovar.com\/wp-content\/uploads\/2021\/12\/udruga_nijemaca_seo.png\",\"contentUrl\":\"https:\/\/www.uniavukovar.com\/wp-content\/uploads\/2021\/12\/udruga_nijemaca_seo.png\",\"width\":500,\"height\":300,\"caption\":\"Udruga Nijemaca i Austrijanaca Vukovar\"},\"image\":{\"@id\":\"https:\/\/www.uniavukovar.com\/#logo\"}},{\"@type\":\"WebSite\",\"@id\":\"https:\/\/www.uniavukovar.com\/#website\",\"url\":\"https:\/\/www.uniavukovar.com\/\",\"name\":\"Udruga Nijemaca i Austrijanaca Vukovar\",\"description\":\"Slu\\u017ebena web stranica udruge\",\"publisher\":{\"@id\":\"https:\/\/www.uniavukovar.com\/#organization\"},\"potentialAction\":[{\"@type\":\"SearchAction\",\"target\":{\"@type\":\"EntryPoint\",\"urlTemplate\":\"https:\/\/www.uniavukovar.com\/?s={search_term_string}\"},\"query-input\":\"required name=search_term_string\"}],\"inLanguage\":\"de\"},{\"@type\":\"WebPage\",\"@id\":\"https:\/\/www.uniavukovar.com\/predsjednistvo\/#webpage\",\"url\":\"https:\/\/www.uniavukovar.com\/predsjednistvo\/\",\"name\":\"Vorstand - Udruga Nijemaca i Austrijanaca Vukovar\",\"isPartOf\":{\"@id\":\"https:\/\/www.uniavukovar.com\/#website\"},\"datePublished\":\"2021-11-29T12:15:22+00:00\",\"dateModified\":\"2021-12-04T16:09:27+00:00\",\"breadcrumb\":{\"@id\":\"https:\/\/www.uniavukovar.com\/predsjednistvo\/#breadcrumb\"},\"inLanguage\":\"de\",\"potentialAction\":[{\"@type\":\"ReadAction\",\"target\":[\"https:\/\/www.uniavukovar.com\/predsjednistvo\/\"]}]},{\"@type\":\"BreadcrumbList\",\"@id\":\"https:\/\/www.uniavukovar.com\/predsjednistvo\/#breadcrumb\",\"itemListElement\":[{\"@type\":\"ListItem\",\"position\":1,\"name\":\"Po\\u010detna stranica\",\"item\":\"https:\/\/www.uniavukovar.com\/de\/\"},{\"@type\":\"ListItem\",\"position\":2,\"name\":\"Vorstand\"}]}]}<\/script>\n<!-- \/ Yoast SEO plugin. -->","yoast_head_json":{"title":"Vorstand - Udruga Nijemaca i Austrijanaca Vukovar","robots":{"index":"index","follow":"follow","max-snippet":"max-snippet:-1","max-image-preview":"max-image-preview:large","max-video-preview":"max-video-preview:-1"},"canonical":"https:\/\/www.uniavukovar.com\/de\/predsjednistvo\/","og_locale":"de_DE","og_type":"article","og_title":"Vorstand - Udruga Nijemaca i Austrijanaca Vukovar","og_description":"[vc_row][vc_column width=&#8220;1\/2&#8243;][vc_column_text woodmart_inline=&#8220;no&#8220; text_larger=&#8220;no&#8220;] Vorsitzender: Darko Tufek\u010di\u0107 Vizevorsitzender: Martina Uglik Ehrenvorsitzender:\u00a0Dara Mayer Sekret\u00e4rin:Marina Tufek\u010di\u0107 Vorstandmitglieder: \u0110ur\u0111ica Drobac, Dubravka Kalanj, Anton","og_url":"https:\/\/www.uniavukovar.com\/predsjednistvo\/","og_site_name":"Udruga Nijemaca i Austrijanaca Vukovar","article_publisher":"https:\/\/www.facebook.com\/Udruga-Nijemaca-i-Austrijanaca-Vukovar-VD%c3%96V-100966641842437\/","article_modified_time":"2021-12-04T16:09:27+00:00","og_image":[{"width":500,"height":300,"url":"https:\/\/www.uniavukovar.com\/wp-content\/uploads\/2021\/12\/udruga_nijemaca_seo.png","type":"image\/png"}],"twitter_card":"summary_large_image","schema":{"@context":"https:\/\/schema.org","@graph":[{"@type":"Organization","@id":"https:\/\/www.uniavukovar.com\/#organization","name":"Udruga Nijemaca i Austrijanaca Vukovar","url":"https:\/\/www.uniavukovar.com\/","sameAs":["https:\/\/www.facebook.com\/Udruga-Nijemaca-i-Austrijanaca-Vukovar-VD\u00d6V-100966641842437\/"],"logo":{"@type":"ImageObject","@id":"https:\/\/www.uniavukovar.com\/#logo","inLanguage":"de","url":"https:\/\/www.uniavukovar.com\/wp-content\/uploads\/2021\/12\/udruga_nijemaca_seo.png","contentUrl":"https:\/\/www.uniavukovar.com\/wp-content\/uploads\/2021\/12\/udruga_nijemaca_seo.png","width":500,"height":300,"caption":"Udruga Nijemaca i Austrijanaca Vukovar"},"image":{"@id":"https:\/\/www.uniavukovar.com\/#logo"}},{"@type":"WebSite","@id":"https:\/\/www.uniavukovar.com\/#website","url":"https:\/\/www.uniavukovar.com\/","name":"Udruga Nijemaca i Austrijanaca Vukovar","description":"Slu\u017ebena web stranica udruge","publisher":{"@id":"https:\/\/www.uniavukovar.com\/#organization"},"potentialAction":[{"@type":"SearchAction","target":{"@type":"EntryPoint","urlTemplate":"https:\/\/www.uniavukovar.com\/?s={search_term_string}"},"query-input":"required name=search_term_string"}],"inLanguage":"de"},{"@type":"WebPage","@id":"https:\/\/www.uniavukovar.com\/predsjednistvo\/#webpage","url":"https:\/\/www.uniavukovar.com\/predsjednistvo\/","name":"Vorstand - Udruga Nijemaca i Austrijanaca Vukovar","isPartOf":{"@id":"https:\/\/www.uniavukovar.com\/#website"},"datePublished":"2021-11-29T12:15:22+00:00","dateModified":"2021-12-04T16:09:27+00:00","breadcrumb":{"@id":"https:\/\/www.uniavukovar.com\/predsjednistvo\/#breadcrumb"},"inLanguage":"de","potentialAction":[{"@type":"ReadAction","target":["https:\/\/www.uniavukovar.com\/predsjednistvo\/"]}]},{"@type":"BreadcrumbList","@id":"https:\/\/www.uniavukovar.com\/predsjednistvo\/#breadcrumb","itemListElement":[{"@type":"ListItem","position":1,"name":"Po\u010detna stranica","item":"https:\/\/www.uniavukovar.com\/de\/"},{"@type":"ListItem","position":2,"name":"Vorstand"}]}]}},"_links":{"self":[{"href":"https:\/\/www.uniavukovar.com\/de\/wp-json\/wp\/v2\/pages\/167","targetHints":{"allow":["GET"]}}],"collection":[{"href":"https:\/\/www.uniavukovar.com\/de\/wp-json\/wp\/v2\/pages"}],"about":[{"href":"https:\/\/www.uniavukovar.com\/de\/wp-json\/wp\/v2\/types\/page"}],"author":[{"embeddable":true,"href":"https:\/\/www.uniavukovar.com\/de\/wp-json\/wp\/v2\/users\/2"}],"replies":[{"embeddable":true,"href":"https:\/\/www.uniavukovar.com\/de\/wp-json\/wp\/v2\/comments?post=167"}],"version-history":[{"count":13,"href":"https:\/\/www.uniavukovar.com\/de\/wp-json\/wp\/v2\/pages\/167\/revisions"}],"predecessor-version":[{"id":451,"href":"https:\/\/www.uniavukovar.com\/de\/wp-json\/wp\/v2\/pages\/167\/revisions\/451"}],"wp:attachment":[{"href":"https:\/\/www.uniavukovar.com\/de\/wp-json\/wp\/v2\/media?parent=167"}],"curies":[{"name":"wp","href":"https:\/\/api.w.org\/{rel}","templated":true}]}}